{"id":3176,"date":"2024-12-06T09:40:51","date_gmt":"2024-12-06T09:40:51","guid":{"rendered":"https:\/\/welcome-prints.com\/produit\/les-saintes-fesses\/"},"modified":"2026-05-06T13:06:34","modified_gmt":"2026-05-06T13:06:34","slug":"les-saintes-fesses","status":"publish","type":"product","link":"https:\/\/welcome-prints.com\/en\/produit\/les-saintes-fesses\/","title":{"rendered":"Les Saintes Fesses"},"content":{"rendered":"<p>Un seul trait de burin en spirale sur plaque de cuivre , hommage \u00e0 La Sainte Face, c\u00e9l\u00e8bre gravure  de Claude Mellan (1649).<br \/>\nFabriano Rosaspina ivoire 285g\/m2<\/p>\n","protected":false},"excerpt":{"rendered":"<p>Un seul trait de burin en spirale sur plaque de cuivre , hommage \u00e0 La Sainte Face, c\u00e9l\u00e8bre gravure de Claude Mellan (1649). Fabriano Rosaspina ivoire 285g\/m2<\/p>\n","protected":false},"featured_media":3169,"template":"","meta":{"_acf_changed":false},"product_brand":[],"product_cat":[226,220,202,196,260,215],"product_tag":[],"class_list":{"0":"post-3176","1":"product","2":"type-product","3":"status-publish","4":"has-post-thumbnail","6":"product_cat-226","7":"product_cat-burin","8":"product_cat-carre","9":"product_cat-france","10":"product_cat-leo-paul","11":"product_cat-moyen","13":"first","14":"instock","15":"shipping-taxable","16":"purchasable","17":"product-type-simple"},"acf":[],"_links":{"self":[{"href":"https:\/\/welcome-prints.com\/en\/wp-json\/wp\/v2\/product\/3176","targetHints":{"allow":["GET"]}}],"collection":[{"href":"https:\/\/welcome-prints.com\/en\/wp-json\/wp\/v2\/product"}],"about":[{"href":"https:\/\/welcome-prints.com\/en\/wp-json\/wp\/v2\/types\/product"}],"wp:featuredmedia":[{"embeddable":true,"href":"https:\/\/welcome-prints.com\/en\/wp-json\/wp\/v2\/media\/3169"}],"wp:attachment":[{"href":"https:\/\/welcome-prints.com\/en\/wp-json\/wp\/v2\/media?parent=3176"}],"wp:term":[{"taxonomy":"product_brand","embeddable":true,"href":"https:\/\/welcome-prints.com\/en\/wp-json\/wp\/v2\/product_brand?post=3176"},{"taxonomy":"product_cat","embeddable":true,"href":"https:\/\/welcome-prints.com\/en\/wp-json\/wp\/v2\/product_cat?post=3176"},{"taxonomy":"product_tag","embeddable":true,"href":"https:\/\/welcome-prints.com\/en\/wp-json\/wp\/v2\/product_tag?post=3176"}],"curies":[{"name":"wp","href":"https:\/\/api.w.org\/{rel}","templated":true}]}}