{"id":3159,"date":"2024-12-01T15:23:23","date_gmt":"2024-12-01T15:23:23","guid":{"rendered":"https:\/\/welcome-prints.com\/produit\/confiance\/"},"modified":"2026-04-09T19:22:39","modified_gmt":"2026-04-09T19:22:39","slug":"confiance","status":"publish","type":"product","link":"https:\/\/welcome-prints.com\/en\/produit\/confiance\/","title":{"rendered":"Confiance"},"content":{"rendered":"<p>Gravure sur bois, technique Munch.<br \/>\nTirage d\u2019art en Edition limit\u00e9<br \/>\n800 \u00d7 1200 cm<br \/>\nEdition originale num\u00e9rot\u00e9e et sign\u00e9e au crayon par l\u2019artiste \/10<br \/>\nImprim\u00e9e \u00e0 l\u2019Encre Noir Vignette et couleur Charbonnel sur papier BFK Rives 300 gr<\/p>\n","protected":false},"excerpt":{"rendered":"<p>Gravure sur bois, technique Munch. Tirage d\u2019art en Edition limit\u00e9 800 \u00d7 1200 cm Edition originale num\u00e9rot\u00e9e et sign\u00e9e au crayon par l\u2019artiste \/10 Imprim\u00e9e \u00e0 l\u2019Encre Noir Vignette et couleur Charbonnel sur papier BFK Rives 300 gr<\/p>\n","protected":false},"featured_media":3158,"template":"","meta":{"_acf_changed":false},"product_brand":[],"product_cat":[226,196,269,216,245,201],"product_tag":[],"class_list":{"0":"post-3159","1":"product","2":"type-product","3":"status-publish","4":"has-post-thumbnail","6":"product_cat-226","7":"product_cat-france","8":"product_cat-frederic-glon","9":"product_cat-grand","10":"product_cat-gravure-sur-bois","11":"product_cat-paysage","13":"first","14":"instock","15":"shipping-taxable","16":"purchasable","17":"product-type-simple"},"acf":[],"_links":{"self":[{"href":"https:\/\/welcome-prints.com\/en\/wp-json\/wp\/v2\/product\/3159","targetHints":{"allow":["GET"]}}],"collection":[{"href":"https:\/\/welcome-prints.com\/en\/wp-json\/wp\/v2\/product"}],"about":[{"href":"https:\/\/welcome-prints.com\/en\/wp-json\/wp\/v2\/types\/product"}],"wp:featuredmedia":[{"embeddable":true,"href":"https:\/\/welcome-prints.com\/en\/wp-json\/wp\/v2\/media\/3158"}],"wp:attachment":[{"href":"https:\/\/welcome-prints.com\/en\/wp-json\/wp\/v2\/media?parent=3159"}],"wp:term":[{"taxonomy":"product_brand","embeddable":true,"href":"https:\/\/welcome-prints.com\/en\/wp-json\/wp\/v2\/product_brand?post=3159"},{"taxonomy":"product_cat","embeddable":true,"href":"https:\/\/welcome-prints.com\/en\/wp-json\/wp\/v2\/product_cat?post=3159"},{"taxonomy":"product_tag","embeddable":true,"href":"https:\/\/welcome-prints.com\/en\/wp-json\/wp\/v2\/product_tag?post=3159"}],"curies":[{"name":"wp","href":"https:\/\/api.w.org\/{rel}","templated":true}]}}