{"id":3148,"date":"2024-12-01T11:02:59","date_gmt":"2024-12-01T11:02:59","guid":{"rendered":"https:\/\/welcome-prints.com\/produit\/le-plongeoir\/"},"modified":"2026-04-10T00:35:30","modified_gmt":"2026-04-10T00:35:30","slug":"le-plongeoir","status":"publish","type":"product","link":"https:\/\/welcome-prints.com\/en\/produit\/le-plongeoir\/","title":{"rendered":"Le Plongeoir"},"content":{"rendered":"<p>Pr\u00e9sentation :<\/p>\n<p>C\u00e9phal\u00e9e regarde impassible l\u2019abysse qui l\u2019attire, gouffre au charme tentaculaire et hallucinatoire,<br \/>\nfaisant tanguer son \u00e2me entre le supplice de la planche et le saut de l\u2019ange.<\/p>\n<p>C\u00e9phal\u00e9e stares impassively into the abyss that draws her in, a chasm of sprawling, hallucinatory charm,<br \/>\nrocking her soul between the agony of the plank and the leap of the angel.<\/p>\n<p>Infos techniques :<\/p>\n<p>Affiche s\u00e9rigraphi\u00e9e 2 couleurs, 70x50cm,<br \/>\nsur papier Fedrigoni Freelife Vellum 260gr<br \/>\n12 exemplaires sign\u00e9s et num\u00e9rot\u00e9s,<br \/>\nimpressions Atelier Metemphase, novembre 2023.<\/p>\n<p>Silkscreen printed posters, 2 coulours, 70x50cm,<br \/>\non Fedrigoni Freelife Vellum 260gr paper,<br \/>\n12 copies, numbered and signed,<br \/>\nprintings at Metemphase workshop, November 2023.<\/p>\n","protected":false},"excerpt":{"rendered":"<p>Pr\u00e9sentation : C\u00e9phal\u00e9e regarde impassible l\u2019abysse qui l\u2019attire, gouffre au charme tentaculaire et hallucinatoire, faisant tanguer son \u00e2me entre le supplice de la planche et le saut de l\u2019ange. C\u00e9phal\u00e9e stares impassively into the abyss that draws her in, a chasm of sprawling, hallucinatory charm, rocking her soul between the agony of the plank and [&hellip;]<\/p>\n","protected":false},"featured_media":3143,"template":"","meta":{"_acf_changed":false},"product_brand":[],"product_cat":[212,266,196,216,200,205],"product_tag":[],"class_list":{"0":"post-3148","1":"product","2":"type-product","3":"status-publish","4":"has-post-thumbnail","6":"product_cat-212","7":"product_cat-aude-carbone","8":"product_cat-france","9":"product_cat-grand","10":"product_cat-portrait","11":"product_cat-serigraphie","13":"first","14":"instock","15":"shipping-taxable","16":"purchasable","17":"product-type-simple"},"acf":[],"_links":{"self":[{"href":"https:\/\/welcome-prints.com\/en\/wp-json\/wp\/v2\/product\/3148","targetHints":{"allow":["GET"]}}],"collection":[{"href":"https:\/\/welcome-prints.com\/en\/wp-json\/wp\/v2\/product"}],"about":[{"href":"https:\/\/welcome-prints.com\/en\/wp-json\/wp\/v2\/types\/product"}],"wp:featuredmedia":[{"embeddable":true,"href":"https:\/\/welcome-prints.com\/en\/wp-json\/wp\/v2\/media\/3143"}],"wp:attachment":[{"href":"https:\/\/welcome-prints.com\/en\/wp-json\/wp\/v2\/media?parent=3148"}],"wp:term":[{"taxonomy":"product_brand","embeddable":true,"href":"https:\/\/welcome-prints.com\/en\/wp-json\/wp\/v2\/product_brand?post=3148"},{"taxonomy":"product_cat","embeddable":true,"href":"https:\/\/welcome-prints.com\/en\/wp-json\/wp\/v2\/product_cat?post=3148"},{"taxonomy":"product_tag","embeddable":true,"href":"https:\/\/welcome-prints.com\/en\/wp-json\/wp\/v2\/product_tag?post=3148"}],"curies":[{"name":"wp","href":"https:\/\/api.w.org\/{rel}","templated":true}]}}