{"id":3139,"date":"2024-12-01T10:16:58","date_gmt":"2024-12-01T10:16:58","guid":{"rendered":"https:\/\/welcome-prints.com\/produit\/hecate\/"},"modified":"2026-04-10T00:37:36","modified_gmt":"2026-04-10T00:37:36","slug":"hecate","status":"publish","type":"product","link":"https:\/\/welcome-prints.com\/en\/produit\/hecate\/","title":{"rendered":"H\u00e9cate"},"content":{"rendered":"<p>Pr\u00e9sentation :<\/p>\n<p>Le spectre de la d\u00e9esse tripolaire et sulfureuse s\u2019accouple \u00e0 une pl\u00e9iade d\u2019autres mythes illicites et vient, alti\u00e8re, faire lumi\u00e8re sur une autre histoire de l\u2019ombre\u2026<br \/>\nDivinit\u00e9 pass\u00e9e aux stigmates pr\u00e9sents porte l\u2019avenir, soul\u00e8ve impudiquement sa tunique et d\u00e9voile le mal qui la ronge. L\u2019infection en son c\u0153ur l\u2019empoisonne jusque dans sa parure nourrici\u00e8re, et l\u2019Oracle toxique -nouvelle lune mortelle- g\u00e2te son prot\u00e9g\u00e9, faisant de de ce qu\u2019il a de plus cher un enfant mort-n\u00e9.<br \/>\nMais chhhhut. Le ssssilence est de mise sur cette hydre r\u00eav\u00e9e, sous peine d\u2019\u00eatre p\u00e9trifi\u00e9.<\/p>\n<p>The specter of the sulphurous, tripolar goddess mates with a host of other illicit myths, and proudly sheds light on another history of the shadows\u2026<br \/>\nA past divinity with present stigmata carries the future, shamelessly lifts her tunic and reveals the evil that gnaws at her. The infection in her heart poisons her even in her nourishing finery, and the toxic Oracle \u2013 a deadly new moon \u2013 spoils her prot\u00e9g\u00e9, making a stillborn child of his most cherished possession.<br \/>\nBut shhhh. Ssssilence is the order of the day on this dreamy hydra, or risk being petrified.<\/p>\n<p>Infos techniques :<\/p>\n<p>Affiche s\u00e9rigraphi\u00e9e 14 couleurs, 35x100cm,<br \/>\nsur papier Fedrigoni Sirio Black 290gr<br \/>\n19 exemplaires sign\u00e9s et num\u00e9rot\u00e9s,<br \/>\nimpressions Atelier Metemphase, juillet 2023.<\/p>\n<p>Silkscreen printed posters, 14 colours, 35x100cm,<br \/>\non paper Fedrigoni Sirio Black 260gr,<br \/>\n19 copies, stamped numbered and signed,<br \/>\nprinted at Metemphase workshop, July 2023.<\/p>\n","protected":false},"excerpt":{"rendered":"<p>Pr\u00e9sentation : Le spectre de la d\u00e9esse tripolaire et sulfureuse s\u2019accouple \u00e0 une pl\u00e9iade d\u2019autres mythes illicites et vient, alti\u00e8re, faire lumi\u00e8re sur une autre histoire de l\u2019ombre\u2026 Divinit\u00e9 pass\u00e9e aux stigmates pr\u00e9sents porte l\u2019avenir, soul\u00e8ve impudiquement sa tunique et d\u00e9voile le mal qui la ronge. L\u2019infection en son c\u0153ur l\u2019empoisonne jusque dans sa parure [&hellip;]<\/p>\n","protected":false},"featured_media":3135,"template":"","meta":{"_acf_changed":false},"product_brand":[],"product_cat":[212,266,196,216,200,205],"product_tag":[],"class_list":{"0":"post-3139","1":"product","2":"type-product","3":"status-publish","4":"has-post-thumbnail","6":"product_cat-212","7":"product_cat-aude-carbone","8":"product_cat-france","9":"product_cat-grand","10":"product_cat-portrait","11":"product_cat-serigraphie","13":"first","14":"instock","15":"shipping-taxable","16":"purchasable","17":"product-type-simple"},"acf":[],"_links":{"self":[{"href":"https:\/\/welcome-prints.com\/en\/wp-json\/wp\/v2\/product\/3139","targetHints":{"allow":["GET"]}}],"collection":[{"href":"https:\/\/welcome-prints.com\/en\/wp-json\/wp\/v2\/product"}],"about":[{"href":"https:\/\/welcome-prints.com\/en\/wp-json\/wp\/v2\/types\/product"}],"wp:featuredmedia":[{"embeddable":true,"href":"https:\/\/welcome-prints.com\/en\/wp-json\/wp\/v2\/media\/3135"}],"wp:attachment":[{"href":"https:\/\/welcome-prints.com\/en\/wp-json\/wp\/v2\/media?parent=3139"}],"wp:term":[{"taxonomy":"product_brand","embeddable":true,"href":"https:\/\/welcome-prints.com\/en\/wp-json\/wp\/v2\/product_brand?post=3139"},{"taxonomy":"product_cat","embeddable":true,"href":"https:\/\/welcome-prints.com\/en\/wp-json\/wp\/v2\/product_cat?post=3139"},{"taxonomy":"product_tag","embeddable":true,"href":"https:\/\/welcome-prints.com\/en\/wp-json\/wp\/v2\/product_tag?post=3139"}],"curies":[{"name":"wp","href":"https:\/\/api.w.org\/{rel}","templated":true}]}}