{"id":3133,"date":"2024-12-01T10:02:38","date_gmt":"2024-12-01T10:02:38","guid":{"rendered":"https:\/\/welcome-prints.com\/produit\/errance\/"},"modified":"2026-04-10T02:58:43","modified_gmt":"2026-04-10T02:58:43","slug":"errance","status":"publish","type":"product","link":"https:\/\/welcome-prints.com\/en\/produit\/errance\/","title":{"rendered":"Errance"},"content":{"rendered":"<p>Format : 19x25cm \/ papier Rosaspina de Fabriano, 220g\/m\u00b2, blanc<br \/>\nTechnique : Linogravure \u2013 19 exemplaires num\u00e9rot\u00e9s et sign\u00e9s \u2013 2023<\/p>\n<p>&#8221; De bas en haut les flammes s\u2019excitent, l\u2019eau circule \u00e0 l\u2019horizontal, le JE divague. &#8220;<\/p>\n","protected":false},"excerpt":{"rendered":"<p>Format : 19x25cm \/ papier Rosaspina de Fabriano, 220g\/m\u00b2, blanc Technique : Linogravure \u2013 19 exemplaires num\u00e9rot\u00e9s et sign\u00e9s \u2013 2023 &#8221; De bas en haut les flammes s\u2019excitent, l\u2019eau circule \u00e0 l\u2019horizontal, le JE divague. &#8220;<\/p>\n","protected":false},"featured_media":3132,"template":"","meta":{"_acf_changed":false},"product_brand":[],"product_cat":[212,266,196,228,215,201],"product_tag":[],"class_list":{"0":"post-3133","1":"product","2":"type-product","3":"status-publish","4":"has-post-thumbnail","6":"product_cat-212","7":"product_cat-aude-carbone","8":"product_cat-france","9":"product_cat-linogravure","10":"product_cat-moyen","11":"product_cat-paysage","13":"first","14":"instock","15":"shipping-taxable","16":"purchasable","17":"product-type-simple"},"acf":[],"_links":{"self":[{"href":"https:\/\/welcome-prints.com\/en\/wp-json\/wp\/v2\/product\/3133","targetHints":{"allow":["GET"]}}],"collection":[{"href":"https:\/\/welcome-prints.com\/en\/wp-json\/wp\/v2\/product"}],"about":[{"href":"https:\/\/welcome-prints.com\/en\/wp-json\/wp\/v2\/types\/product"}],"wp:featuredmedia":[{"embeddable":true,"href":"https:\/\/welcome-prints.com\/en\/wp-json\/wp\/v2\/media\/3132"}],"wp:attachment":[{"href":"https:\/\/welcome-prints.com\/en\/wp-json\/wp\/v2\/media?parent=3133"}],"wp:term":[{"taxonomy":"product_brand","embeddable":true,"href":"https:\/\/welcome-prints.com\/en\/wp-json\/wp\/v2\/product_brand?post=3133"},{"taxonomy":"product_cat","embeddable":true,"href":"https:\/\/welcome-prints.com\/en\/wp-json\/wp\/v2\/product_cat?post=3133"},{"taxonomy":"product_tag","embeddable":true,"href":"https:\/\/welcome-prints.com\/en\/wp-json\/wp\/v2\/product_tag?post=3133"}],"curies":[{"name":"wp","href":"https:\/\/api.w.org\/{rel}","templated":true}]}}