{"id":3131,"date":"2024-12-01T09:47:46","date_gmt":"2024-12-01T09:47:46","guid":{"rendered":"https:\/\/welcome-prints.com\/produit\/guttural\/"},"modified":"2026-04-10T00:34:58","modified_gmt":"2026-04-10T00:34:58","slug":"guttural","status":"publish","type":"product","link":"https:\/\/welcome-prints.com\/en\/produit\/guttural\/","title":{"rendered":"Guttural"},"content":{"rendered":"<p>Titre : Guttural<br \/>\nFormat : 19x25cm \/ papier Rosaspina de Fabriano, 220g\/m\u00b2, blanc<br \/>\nTechnique : Linogravure \u2013 19 exemplaires num\u00e9rot\u00e9s et sign\u00e9s \u2013 2023<\/p>\n<p>&#8221; Tout corps expos\u00e9 \u00e0 une substance acide se disloque &#8220;<\/p>\n","protected":false},"excerpt":{"rendered":"<p>Titre : Guttural Format : 19x25cm \/ papier Rosaspina de Fabriano, 220g\/m\u00b2, blanc Technique : Linogravure \u2013 19 exemplaires num\u00e9rot\u00e9s et sign\u00e9s \u2013 2023 &#8221; Tout corps expos\u00e9 \u00e0 une substance acide se disloque &#8220;<\/p>\n","protected":false},"featured_media":3129,"template":"","meta":{"_acf_changed":false},"product_brand":[],"product_cat":[212,266,196,228,215,200],"product_tag":[],"class_list":{"0":"post-3131","1":"product","2":"type-product","3":"status-publish","4":"has-post-thumbnail","6":"product_cat-212","7":"product_cat-aude-carbone","8":"product_cat-france","9":"product_cat-linogravure","10":"product_cat-moyen","11":"product_cat-portrait","13":"first","14":"instock","15":"shipping-taxable","16":"purchasable","17":"product-type-simple"},"acf":[],"_links":{"self":[{"href":"https:\/\/welcome-prints.com\/en\/wp-json\/wp\/v2\/product\/3131","targetHints":{"allow":["GET"]}}],"collection":[{"href":"https:\/\/welcome-prints.com\/en\/wp-json\/wp\/v2\/product"}],"about":[{"href":"https:\/\/welcome-prints.com\/en\/wp-json\/wp\/v2\/types\/product"}],"wp:featuredmedia":[{"embeddable":true,"href":"https:\/\/welcome-prints.com\/en\/wp-json\/wp\/v2\/media\/3129"}],"wp:attachment":[{"href":"https:\/\/welcome-prints.com\/en\/wp-json\/wp\/v2\/media?parent=3131"}],"wp:term":[{"taxonomy":"product_brand","embeddable":true,"href":"https:\/\/welcome-prints.com\/en\/wp-json\/wp\/v2\/product_brand?post=3131"},{"taxonomy":"product_cat","embeddable":true,"href":"https:\/\/welcome-prints.com\/en\/wp-json\/wp\/v2\/product_cat?post=3131"},{"taxonomy":"product_tag","embeddable":true,"href":"https:\/\/welcome-prints.com\/en\/wp-json\/wp\/v2\/product_tag?post=3131"}],"curies":[{"name":"wp","href":"https:\/\/api.w.org\/{rel}","templated":true}]}}