{"id":3128,"date":"2024-12-01T09:34:05","date_gmt":"2024-12-01T09:34:05","guid":{"rendered":"https:\/\/welcome-prints.com\/produit\/mante-glaciale\/"},"modified":"2026-04-10T00:38:31","modified_gmt":"2026-04-10T00:38:31","slug":"mante-glaciale","status":"publish","type":"product","link":"https:\/\/welcome-prints.com\/en\/produit\/mante-glaciale\/","title":{"rendered":"Mante Glaciale"},"content":{"rendered":"<p>Pr\u00e9sentation :<\/p>\n<p>Portrait d\u2019un Frankenstein des \u00e9motions,<br \/>\nQui rapi\u00e8cerait fi\u00e8vres et exaltations<br \/>\nEn un canevas lugubre et difforme<br \/>\nde cruels phantasmes et de chastes supr\u00eames.<\/p>\n<p>Cobaye de son \u0153uvre, victime et bourreau,<br \/>\nLa cr\u00e9ature est son \u00e2me.<br \/>\nLa chair qu\u2019elle mange n\u2019est que le c\u0153ur qu\u2019elle broie.<\/p>\n<p>\u00c0 l\u2019ourlet du satin rose, les vers se bousculent.<br \/>\nAu bout des membres ardents, les mandibules.<\/p>\n<p>Portrait of an emotional Frankenstein,<br \/>\nWho patches fevers and exaltations<br \/>\ninto a gloomy, misshapen canvas<br \/>\nof cruel phantasms and chaste supremes.<\/p>\n<p>Guinea pig for his work, victim and executioner,<br \/>\nThe creature is her soul.<br \/>\nThe flesh she eats is only the heart she crushes.<\/p>\n<p>At the hem of pink satin, worms jostle.<br \/>\nAt the end of burning limbs, mandibles.<\/p>\n<p>Infos techniques :<\/p>\n<p>Affiche s\u00e9rigraphi\u00e9e 11 couleurs, 50x70cm,<br \/>\nsur papier Fedrigoni Sirio Black 290gr<br \/>\n20 exemplaires estampill\u00e9s, sign\u00e9s et num\u00e9rot\u00e9s,<br \/>\nimprim\u00e9 \u00e0 l\u2019Atelier Metemphase, novembre 2022.<\/p>\n<p>Silkscreen printed posters, 11 colours, 50x70cm,<br \/>\non paper Fedrigoni Sirio Black 260gr,<br \/>\n20 copies, stamped numbered and signed,<br \/>\nprinted at Metemphase workshop, November 2022.<\/p>\n","protected":false},"excerpt":{"rendered":"<p>Pr\u00e9sentation : Portrait d\u2019un Frankenstein des \u00e9motions, Qui rapi\u00e8cerait fi\u00e8vres et exaltations En un canevas lugubre et difforme de cruels phantasmes et de chastes supr\u00eames. Cobaye de son \u0153uvre, victime et bourreau, La cr\u00e9ature est son \u00e2me. La chair qu\u2019elle mange n\u2019est que le c\u0153ur qu\u2019elle broie. \u00c0 l\u2019ourlet du satin rose, les vers se [&hellip;]<\/p>\n","protected":false},"featured_media":3124,"template":"","meta":{"_acf_changed":false},"product_brand":[],"product_cat":[223,266,196,216,200,205],"product_tag":[],"class_list":{"0":"post-3128","1":"product","2":"type-product","3":"status-publish","4":"has-post-thumbnail","6":"product_cat-223","7":"product_cat-aude-carbone","8":"product_cat-france","9":"product_cat-grand","10":"product_cat-portrait","11":"product_cat-serigraphie","13":"first","14":"instock","15":"shipping-taxable","16":"purchasable","17":"product-type-simple"},"acf":[],"_links":{"self":[{"href":"https:\/\/welcome-prints.com\/en\/wp-json\/wp\/v2\/product\/3128","targetHints":{"allow":["GET"]}}],"collection":[{"href":"https:\/\/welcome-prints.com\/en\/wp-json\/wp\/v2\/product"}],"about":[{"href":"https:\/\/welcome-prints.com\/en\/wp-json\/wp\/v2\/types\/product"}],"wp:featuredmedia":[{"embeddable":true,"href":"https:\/\/welcome-prints.com\/en\/wp-json\/wp\/v2\/media\/3124"}],"wp:attachment":[{"href":"https:\/\/welcome-prints.com\/en\/wp-json\/wp\/v2\/media?parent=3128"}],"wp:term":[{"taxonomy":"product_brand","embeddable":true,"href":"https:\/\/welcome-prints.com\/en\/wp-json\/wp\/v2\/product_brand?post=3128"},{"taxonomy":"product_cat","embeddable":true,"href":"https:\/\/welcome-prints.com\/en\/wp-json\/wp\/v2\/product_cat?post=3128"},{"taxonomy":"product_tag","embeddable":true,"href":"https:\/\/welcome-prints.com\/en\/wp-json\/wp\/v2\/product_tag?post=3128"}],"curies":[{"name":"wp","href":"https:\/\/api.w.org\/{rel}","templated":true}]}}