{"id":3119,"date":"2024-12-01T09:05:02","date_gmt":"2024-12-01T09:05:02","guid":{"rendered":"https:\/\/welcome-prints.com\/produit\/cocktail\/"},"modified":"2026-04-09T18:33:31","modified_gmt":"2026-04-09T18:33:31","slug":"cocktail","status":"publish","type":"product","link":"https:\/\/welcome-prints.com\/en\/produit\/cocktail\/","title":{"rendered":"Cocktail"},"content":{"rendered":"<p>Pr\u00e9sentation :<\/p>\n<p>\u00ab Tant va le c\u0153ur \u00e0 l\u2019eau,<br \/>\nqu\u2019\u00e0 la fin il se noie.<br \/>\nEt se boit dans le cristal,<br \/>\nverre de l\u2019ego. \u00bb<\/p>\n<p>\u00ab So much goes heart to water,<br \/>\nthat in the end it drowns.<br \/>\nAnd gets drunk in the crystal,<br \/>\nglass of ego.\u00ab <\/p>\n<p>Infos techniques :<\/p>\n<p>Affiche s\u00e9rigraphi\u00e9e 9 couleurs, 50x70cm,<br \/>\nsur papier Fedrigoni Sirio Black 290gr<br \/>\n20 exemplaires estampill\u00e9s, sign\u00e9s et num\u00e9rot\u00e9s,<br \/>\nimprim\u00e9 \u00e0 l\u2019Atelier Metemphase, novembre 2022.<\/p>\n<p>Silkscreen printed posters, 9 colours, 50x70cm,<br \/>\non paper Fedrigoni Sirio Black 260gr,<br \/>\n20 copies, stamped numbered and signed,<br \/>\nprinted at Metemphase workshop, November 2022.<\/p>\n","protected":false},"excerpt":{"rendered":"<p>Pr\u00e9sentation : \u00ab Tant va le c\u0153ur \u00e0 l\u2019eau, qu\u2019\u00e0 la fin il se noie. Et se boit dans le cristal, verre de l\u2019ego. \u00bb \u00ab So much goes heart to water, that in the end it drowns. And gets drunk in the crystal, glass of ego.\u00ab Infos techniques : Affiche s\u00e9rigraphi\u00e9e 9 couleurs, 50x70cm, [&hellip;]<\/p>\n","protected":false},"featured_media":3112,"template":"","meta":{"_acf_changed":false},"product_brand":[],"product_cat":[223,266,196,216,200,205],"product_tag":[],"class_list":{"0":"post-3119","1":"product","2":"type-product","3":"status-publish","4":"has-post-thumbnail","6":"product_cat-223","7":"product_cat-aude-carbone","8":"product_cat-france","9":"product_cat-grand","10":"product_cat-portrait","11":"product_cat-serigraphie","13":"first","14":"instock","15":"shipping-taxable","16":"purchasable","17":"product-type-simple"},"acf":[],"_links":{"self":[{"href":"https:\/\/welcome-prints.com\/en\/wp-json\/wp\/v2\/product\/3119","targetHints":{"allow":["GET"]}}],"collection":[{"href":"https:\/\/welcome-prints.com\/en\/wp-json\/wp\/v2\/product"}],"about":[{"href":"https:\/\/welcome-prints.com\/en\/wp-json\/wp\/v2\/types\/product"}],"wp:featuredmedia":[{"embeddable":true,"href":"https:\/\/welcome-prints.com\/en\/wp-json\/wp\/v2\/media\/3112"}],"wp:attachment":[{"href":"https:\/\/welcome-prints.com\/en\/wp-json\/wp\/v2\/media?parent=3119"}],"wp:term":[{"taxonomy":"product_brand","embeddable":true,"href":"https:\/\/welcome-prints.com\/en\/wp-json\/wp\/v2\/product_brand?post=3119"},{"taxonomy":"product_cat","embeddable":true,"href":"https:\/\/welcome-prints.com\/en\/wp-json\/wp\/v2\/product_cat?post=3119"},{"taxonomy":"product_tag","embeddable":true,"href":"https:\/\/welcome-prints.com\/en\/wp-json\/wp\/v2\/product_tag?post=3119"}],"curies":[{"name":"wp","href":"https:\/\/api.w.org\/{rel}","templated":true}]}}