{"id":3093,"date":"2024-11-29T15:05:55","date_gmt":"2024-11-29T15:05:55","guid":{"rendered":"https:\/\/welcome-prints.com\/produit\/bebe-est-arrive\/"},"modified":"2026-04-09T21:32:17","modified_gmt":"2026-04-09T21:32:17","slug":"bebe-est-arrive","status":"publish","type":"product","link":"https:\/\/welcome-prints.com\/en\/produit\/bebe-est-arrive\/","title":{"rendered":"B\u00e9b\u00e9 est arriv\u00e9"},"content":{"rendered":"<p>Linogravure en tirage d\u2019art, issue de la s\u00e9rie \u201cLa R\u00e9clame\u201d.<br \/>\n60 \u00d7 40 cm<br \/>\nEdition originale num\u00e9rot\u00e9e et sign\u00e9e au crayon par l\u2019artiste \/100<br \/>\nImprim\u00e9e \u00e0 l\u2019Encre Noir Vignette sur papier BFK Rives 300 gr<\/p>\n<p>En tant que Model-Maker, Fr\u00e9d\u00e8ric GLON fabrique des objets pour les publicitaires. Ainsi, il assiste aux\u00a0r\u00e9unions de sp\u00e9cialistes, regroup\u00e9 dans le but de fabriquer l&#8217;image d&#8217;un produit qui s\u00e9duira le plus grand nombre de consommateurs.<\/p>\n<p>\u00c0 travers un crescendo d&#8217;ironie, ces contrefa\u00e7ons publicitaires d\u00e9masquent les m\u00e9canismes du merchandising et d\u00e9noncent les cons\u00e9quences environnementales de la surproduction et surconsommations de biens.<\/p>\n<p>En d\u00e9pouillant les publicit\u00e9s des \u00e9motions suscit\u00e9es par les couleurs et symboles qui influencent le choix des consommateurs, ces gravures offrent l&#8217;image d&#8217;un produit sans supercheries. On d\u00e9tournant l&#8217;objet, elles sugg\u00e8rent une lecture d\u00e9senchant\u00e9e de l&#8217;affiche publicitaire\u00a0(et du syst\u00e8me qu&#8217;elle dessert).<\/p>\n<p>Cette gravure, cependant, \u00e0 l&#8217;esprit dada\u00efste, s&#8217;amuse \u00e0 d\u00e9tourner un objet du quotidien, on renvoyant au bouleversement qui attend la vie des parents \u00e0 l&#8217;arriv\u00e9e d&#8217;un b\u00e9b\u00e9 ! <\/p>\n<p>Ces xylographies aux lignes pures et contrast\u00e9es renouent avec la tradition politique et l&#8217;esprit de r\u00e9volte de l&#8217;image grav\u00e9e, tell les ouvres d&#8217;Otto N\u00dcCKEL  et Frans MASERELL, qui ont forg\u00e9es sa vision.<\/p>\n","protected":false},"excerpt":{"rendered":"<p>Linogravure en tirage d\u2019art, issue de la s\u00e9rie \u201cLa R\u00e9clame\u201d. 60 \u00d7 40 cm Edition originale num\u00e9rot\u00e9e et sign\u00e9e au crayon par l\u2019artiste \/100 Imprim\u00e9e \u00e0 l\u2019Encre Noir Vignette sur papier BFK Rives 300 gr En tant que Model-Maker, Fr\u00e9d\u00e8ric GLON fabrique des objets pour les publicitaires. Ainsi, il assiste aux\u00a0r\u00e9unions de sp\u00e9cialistes, regroup\u00e9 dans [&hellip;]<\/p>\n","protected":false},"featured_media":3092,"template":"","meta":{"_acf_changed":false},"product_brand":[],"product_cat":[238,196,269,216,228,200],"product_tag":[],"class_list":{"0":"post-3093","1":"product","2":"type-product","3":"status-publish","4":"has-post-thumbnail","6":"product_cat-238","7":"product_cat-france","8":"product_cat-frederic-glon","9":"product_cat-grand","10":"product_cat-linogravure","11":"product_cat-portrait","13":"first","14":"instock","15":"shipping-taxable","16":"purchasable","17":"product-type-simple"},"acf":[],"_links":{"self":[{"href":"https:\/\/welcome-prints.com\/en\/wp-json\/wp\/v2\/product\/3093","targetHints":{"allow":["GET"]}}],"collection":[{"href":"https:\/\/welcome-prints.com\/en\/wp-json\/wp\/v2\/product"}],"about":[{"href":"https:\/\/welcome-prints.com\/en\/wp-json\/wp\/v2\/types\/product"}],"wp:featuredmedia":[{"embeddable":true,"href":"https:\/\/welcome-prints.com\/en\/wp-json\/wp\/v2\/media\/3092"}],"wp:attachment":[{"href":"https:\/\/welcome-prints.com\/en\/wp-json\/wp\/v2\/media?parent=3093"}],"wp:term":[{"taxonomy":"product_brand","embeddable":true,"href":"https:\/\/welcome-prints.com\/en\/wp-json\/wp\/v2\/product_brand?post=3093"},{"taxonomy":"product_cat","embeddable":true,"href":"https:\/\/welcome-prints.com\/en\/wp-json\/wp\/v2\/product_cat?post=3093"},{"taxonomy":"product_tag","embeddable":true,"href":"https:\/\/welcome-prints.com\/en\/wp-json\/wp\/v2\/product_tag?post=3093"}],"curies":[{"name":"wp","href":"https:\/\/api.w.org\/{rel}","templated":true}]}}