{"id":3091,"date":"2024-11-29T14:57:00","date_gmt":"2024-11-29T14:57:00","guid":{"rendered":"https:\/\/welcome-prints.com\/?post_type=product&#038;p=3091"},"modified":"2026-04-09T17:19:23","modified_gmt":"2026-04-09T17:19:23","slug":"glace-delice-a-consommer-sans-moderation","status":"publish","type":"product","link":"https:\/\/welcome-prints.com\/en\/produit\/glace-delice-a-consommer-sans-moderation\/","title":{"rendered":"Glace Delice, \u00e0 consommer sans mod\u00e9ration"},"content":{"rendered":"<p>Linogravure en tirage d\u2019art, issue de la s\u00e9rie \u201cLa R\u00e9clame\u201d.<br \/>\n60 \u00d7 40 cm<br \/>\nEdition originale num\u00e9rot\u00e9e et sign\u00e9e au crayon par l\u2019artiste \/100<br \/>\nImprim\u00e9e \u00e0 l\u2019Encre Noir Vignette sur papier BFK Rives 300 gr<\/p>\n<p>En tant que Model-Maker,\u00a0Fr\u00e9d\u00e9ric GLON fabrique des objets pour les publicitaires. Ainsi, il assiste aux\u00a0r\u00e9unions de sp\u00e9cialistes, regroup\u00e9 dans le but de fabriquer l&#8217;image d&#8217;un produit qui s\u00e9duira le plus grand nombre de consommateurs.<\/p>\n<p>\u00c0 travers un crescendo d&#8217;ironie, ces contrefa\u00e7ons publicitaires d\u00e9masquent les m\u00e9canismes du merchandising et d\u00e9noncent les cons\u00e9quences environnementales de la surproduction et surconsommations de biens.<\/p>\n<p>En d\u00e9pouillant les publicit\u00e9s des \u00e9motions suscit\u00e9es par les couleurs et symboles qui influencent le choix des consommateurs, ces gravures offrent l&#8217;image d&#8217;un produit sans supercheries. On d\u00e9tournant l&#8217;objet, elles sugg\u00e8rent une lecture d\u00e9senchant\u00e9e de l&#8217;affiche publicitaire\u00a0(et du syst\u00e8me qu&#8217;elle dessert).<\/p>\n<p>Ces xylographies aux lignes pures et contrast\u00e9es renouent avec la tradition politique et l&#8217;esprit de r\u00e9volte de l&#8217;image grav\u00e9e, tell les ouvres d&#8217;Otto N\u00dcCKEL  et Frans MASERELL, qui ont forg\u00e9es ma vision.<\/p>\n<p> &#8220;Glace D\u00e9lice&#8221; met en sc\u00e8ne une plan\u00e8te boule de glace &#8220;\u00e0 consommer sans mod\u00e9ration&#8221;.<\/p>\n","protected":false},"excerpt":{"rendered":"<p>Linogravure en tirage d\u2019art, issue de la s\u00e9rie \u201cLa R\u00e9clame\u201d. 60 \u00d7 40 cm Edition originale num\u00e9rot\u00e9e et sign\u00e9e au crayon par l\u2019artiste \/100 Imprim\u00e9e \u00e0 l\u2019Encre Noir Vignette sur papier BFK Rives 300 gr En tant que Model-Maker,\u00a0Fr\u00e9d\u00e9ric GLON fabrique des objets pour les publicitaires. Ainsi, il assiste aux\u00a0r\u00e9unions de sp\u00e9cialistes, regroup\u00e9 dans le [&hellip;]<\/p>\n","protected":false},"featured_media":3090,"template":"","meta":{"_acf_changed":false},"product_brand":[],"product_cat":[274,269,216,228,200],"product_tag":[],"class_list":{"0":"post-3091","1":"product","2":"type-product","3":"status-publish","4":"has-post-thumbnail","6":"product_cat-274","7":"product_cat-frederic-glon","8":"product_cat-grand","9":"product_cat-linogravure","10":"product_cat-portrait","12":"first","13":"instock","14":"shipping-taxable","15":"purchasable","16":"product-type-simple"},"acf":[],"_links":{"self":[{"href":"https:\/\/welcome-prints.com\/en\/wp-json\/wp\/v2\/product\/3091","targetHints":{"allow":["GET"]}}],"collection":[{"href":"https:\/\/welcome-prints.com\/en\/wp-json\/wp\/v2\/product"}],"about":[{"href":"https:\/\/welcome-prints.com\/en\/wp-json\/wp\/v2\/types\/product"}],"wp:featuredmedia":[{"embeddable":true,"href":"https:\/\/welcome-prints.com\/en\/wp-json\/wp\/v2\/media\/3090"}],"wp:attachment":[{"href":"https:\/\/welcome-prints.com\/en\/wp-json\/wp\/v2\/media?parent=3091"}],"wp:term":[{"taxonomy":"product_brand","embeddable":true,"href":"https:\/\/welcome-prints.com\/en\/wp-json\/wp\/v2\/product_brand?post=3091"},{"taxonomy":"product_cat","embeddable":true,"href":"https:\/\/welcome-prints.com\/en\/wp-json\/wp\/v2\/product_cat?post=3091"},{"taxonomy":"product_tag","embeddable":true,"href":"https:\/\/welcome-prints.com\/en\/wp-json\/wp\/v2\/product_tag?post=3091"}],"curies":[{"name":"wp","href":"https:\/\/api.w.org\/{rel}","templated":true}]}}