{"id":3065,"date":"2024-11-28T15:24:15","date_gmt":"2024-11-28T15:24:15","guid":{"rendered":"https:\/\/welcome-prints.com\/produit\/working-class\/"},"modified":"2026-04-09T23:03:26","modified_gmt":"2026-04-09T23:03:26","slug":"working-class","status":"publish","type":"product","link":"https:\/\/welcome-prints.com\/en\/produit\/working-class\/","title":{"rendered":"Le Loupou au travail"},"content":{"rendered":"<p>Linogravure en tirage d\u2019art, issue du roman graphique \u201cLe Politicien\u201d.<br \/>\n400 \u00d7 600 cm<br \/>\nEdition originale num\u00e9rot\u00e9e et sign\u00e9e au crayon par l\u2019artiste \/100<br \/>\nImprim\u00e9e \u00e0 l\u2019Encre Noir Vignette sur papier BFK Rives 300 gr<\/p>\n<p>Fr\u00e9deric GLON a fond\u00e9 l\u2019ATELIER1867 en 2010 avec le but de travailler dans le cin\u00e9ma et de produire ses propres \u0153uvres d\u2019art. Avec le temps, l\u2019Atelier 1867, c\u2019est d\u00e9marqu\u00e9 pour la fabrication d\u2019accessoires de jeux au service du cin\u00e9ma et a ainsi pu continuer son activit\u00e9 de graveur, libre de tout lien de subordination.<\/p>\n<p>Intrigu\u00e9 par les actes d\u2019individus visionnaires et confront\u00e9 aux chapitres les plus sombres de l\u2019histoire, la gen\u00e8se des \u0153uvres de Fr\u00e9d\u00e9ric GLON \u00e9merge d\u2019\u00e9v\u00e9nements r\u00e9els. Pourtant, les guerres, les dictatures, les hommes politiques ou les simples soldats qui peuplent son imagerie sont toujours pr\u00e9sent\u00e9s avec un \u00e9l\u00e9ment fantastique, une sorte de r\u00e9alisme magique invers\u00e9. Cette interaction entre l\u2019histoire document\u00e9e et l\u2019imagination a \u00e9volu\u00e9 jusqu\u2019\u00e0 devenir une caract\u00e9ristique conceptuelle de son travail artistique, lui permettant d\u2019aborder des sujets importants \u00e0 travers une apparente l\u00e9g\u00e8ret\u00e9. <\/p>\n<p>Les gravures issues de son roman graphique intitul\u00e9s \u00ab Le Politicien \u00bb se distinguent par leurs lignes noires et blanches pures et tr\u00e8s contrast\u00e9es. Leur philosophie revitalise de mani\u00e8re critique la tradition politique des images grav\u00e9es, inspir\u00e9e par les romanciers du d\u00e9but du XXe si\u00e8cle, comme Otto N\u00fcckel  et Frans Masereel.<\/p>\n","protected":false},"excerpt":{"rendered":"<p>Linogravure en tirage d\u2019art, issue du roman graphique \u201cLe Politicien\u201d. 400 \u00d7 600 cm Edition originale num\u00e9rot\u00e9e et sign\u00e9e au crayon par l\u2019artiste \/100 Imprim\u00e9e \u00e0 l\u2019Encre Noir Vignette sur papier BFK Rives 300 gr Fr\u00e9deric GLON a fond\u00e9 l\u2019ATELIER1867 en 2010 avec le but de travailler dans le cin\u00e9ma et de produire ses propres [&hellip;]<\/p>\n","protected":false},"featured_media":3064,"template":"","meta":{"_acf_changed":false},"product_brand":[],"product_cat":[272,196,269,216,228,200],"product_tag":[],"class_list":{"0":"post-3065","1":"product","2":"type-product","3":"status-publish","4":"has-post-thumbnail","6":"product_cat-272","7":"product_cat-france","8":"product_cat-frederic-glon","9":"product_cat-grand","10":"product_cat-linogravure","11":"product_cat-portrait","13":"first","14":"instock","15":"shipping-taxable","16":"purchasable","17":"product-type-simple"},"acf":[],"_links":{"self":[{"href":"https:\/\/welcome-prints.com\/en\/wp-json\/wp\/v2\/product\/3065","targetHints":{"allow":["GET"]}}],"collection":[{"href":"https:\/\/welcome-prints.com\/en\/wp-json\/wp\/v2\/product"}],"about":[{"href":"https:\/\/welcome-prints.com\/en\/wp-json\/wp\/v2\/types\/product"}],"wp:featuredmedia":[{"embeddable":true,"href":"https:\/\/welcome-prints.com\/en\/wp-json\/wp\/v2\/media\/3064"}],"wp:attachment":[{"href":"https:\/\/welcome-prints.com\/en\/wp-json\/wp\/v2\/media?parent=3065"}],"wp:term":[{"taxonomy":"product_brand","embeddable":true,"href":"https:\/\/welcome-prints.com\/en\/wp-json\/wp\/v2\/product_brand?post=3065"},{"taxonomy":"product_cat","embeddable":true,"href":"https:\/\/welcome-prints.com\/en\/wp-json\/wp\/v2\/product_cat?post=3065"},{"taxonomy":"product_tag","embeddable":true,"href":"https:\/\/welcome-prints.com\/en\/wp-json\/wp\/v2\/product_tag?post=3065"}],"curies":[{"name":"wp","href":"https:\/\/api.w.org\/{rel}","templated":true}]}}