{"id":3033,"date":"2024-11-22T20:21:11","date_gmt":"2024-11-22T20:21:11","guid":{"rendered":"https:\/\/welcome-prints.com\/produit\/zones-humides-6\/"},"modified":"2026-04-08T22:13:18","modified_gmt":"2026-04-08T22:13:18","slug":"zones-humides-6","status":"publish","type":"product","link":"https:\/\/welcome-prints.com\/en\/produit\/zones-humides-6\/","title":{"rendered":"Zones Humides 6"},"content":{"rendered":"<p>&#8220;zones humides&#8221; est une collection de 12 carr\u00e9s ,les cr\u00e9ations s&#8217;inspirent des zones sensibles de la for\u00eat tropicale de Guyane ,ce sont des univers d&#8217;une beaut\u00e9 luxuriante et fragile . J&#8217;associe mes prises de vue photographiques et mes dessins sur pierre lithographique pour cr\u00e9er de nouveaux espaces.<\/p>\n","protected":false},"excerpt":{"rendered":"<p>&#8220;zones humides&#8221; est une collection de 12 carr\u00e9s ,les cr\u00e9ations s&#8217;inspirent des zones sensibles de la for\u00eat tropicale de Guyane ,ce sont des univers d&#8217;une beaut\u00e9 luxuriante et fragile . J&#8217;associe mes prises de vue photographiques et mes dessins sur pierre lithographique pour cr\u00e9er de nouveaux espaces.<\/p>\n","protected":false},"featured_media":3032,"template":"","meta":{"_acf_changed":false},"product_brand":[],"product_cat":[212,202,196,204,261,214],"product_tag":[],"class_list":{"0":"post-3033","1":"product","2":"type-product","3":"status-publish","4":"has-post-thumbnail","6":"product_cat-212","7":"product_cat-carre","8":"product_cat-france","9":"product_cat-lithographie","10":"product_cat-martine-de-baecque","11":"product_cat-petit","13":"first","14":"instock","15":"shipping-taxable","16":"purchasable","17":"product-type-simple"},"acf":[],"_links":{"self":[{"href":"https:\/\/welcome-prints.com\/en\/wp-json\/wp\/v2\/product\/3033","targetHints":{"allow":["GET"]}}],"collection":[{"href":"https:\/\/welcome-prints.com\/en\/wp-json\/wp\/v2\/product"}],"about":[{"href":"https:\/\/welcome-prints.com\/en\/wp-json\/wp\/v2\/types\/product"}],"wp:featuredmedia":[{"embeddable":true,"href":"https:\/\/welcome-prints.com\/en\/wp-json\/wp\/v2\/media\/3032"}],"wp:attachment":[{"href":"https:\/\/welcome-prints.com\/en\/wp-json\/wp\/v2\/media?parent=3033"}],"wp:term":[{"taxonomy":"product_brand","embeddable":true,"href":"https:\/\/welcome-prints.com\/en\/wp-json\/wp\/v2\/product_brand?post=3033"},{"taxonomy":"product_cat","embeddable":true,"href":"https:\/\/welcome-prints.com\/en\/wp-json\/wp\/v2\/product_cat?post=3033"},{"taxonomy":"product_tag","embeddable":true,"href":"https:\/\/welcome-prints.com\/en\/wp-json\/wp\/v2\/product_tag?post=3033"}],"curies":[{"name":"wp","href":"https:\/\/api.w.org\/{rel}","templated":true}]}}