{"id":3019,"date":"2024-11-21T18:16:53","date_gmt":"2024-11-21T18:16:53","guid":{"rendered":"https:\/\/welcome-prints.com\/produit\/orfeo2\/"},"modified":"2026-04-10T01:39:35","modified_gmt":"2026-04-10T01:39:35","slug":"orfeo2","status":"publish","type":"product","link":"https:\/\/welcome-prints.com\/en\/produit\/orfeo2\/","title":{"rendered":"Orfeo#2"},"content":{"rendered":"<p>Tirage unique imprim\u00e9 \u00e0 la main par l&#8217;artiste<br \/>\nEncrage des couleurs sanguine, vermillon, bleu de Prusse et noir sur plaque de zinc. Proc\u00e9d\u00e9 de surimpression qui donne du relief.<\/p>\n<p>\u0152uvre Inspir\u00e9e des vers de Nicolas de la Cruz, Extrait du recueil Orfeo :<br \/>\n\u00ab Au balcon de tes yeux j\u2019ai pris la route des oasis \u00bb<\/p>\n<p>Prix total avec emballage, certificat d&#8217;authenticit\u00e9 et frais de transport inclus<\/p>\n","protected":false},"excerpt":{"rendered":"<p>Tirage unique imprim\u00e9 \u00e0 la main par l&#8217;artiste Encrage des couleurs sanguine, vermillon, bleu de Prusse et noir sur plaque de zinc. Proc\u00e9d\u00e9 de surimpression qui donne du relief. \u0152uvre Inspir\u00e9e des vers de Nicolas de la Cruz, Extrait du recueil Orfeo : \u00ab Au balcon de tes yeux j\u2019ai pris la route des oasis [&hellip;]<\/p>\n","protected":false},"featured_media":3020,"template":"","meta":{"_acf_changed":false},"product_brand":[],"product_cat":[226,258,206,210,196,215,200],"product_tag":[],"class_list":{"0":"post-3019","1":"product","2":"type-product","3":"status-publish","4":"has-post-thumbnail","6":"product_cat-226","7":"product_cat-anne-charlotte-de-lavergne","8":"product_cat-aquatinte","9":"product_cat-eau-forte","10":"product_cat-france","11":"product_cat-moyen","12":"product_cat-portrait","14":"first","15":"instock","16":"shipping-taxable","17":"purchasable","18":"product-type-simple"},"acf":[],"_links":{"self":[{"href":"https:\/\/welcome-prints.com\/en\/wp-json\/wp\/v2\/product\/3019","targetHints":{"allow":["GET"]}}],"collection":[{"href":"https:\/\/welcome-prints.com\/en\/wp-json\/wp\/v2\/product"}],"about":[{"href":"https:\/\/welcome-prints.com\/en\/wp-json\/wp\/v2\/types\/product"}],"wp:featuredmedia":[{"embeddable":true,"href":"https:\/\/welcome-prints.com\/en\/wp-json\/wp\/v2\/media\/3020"}],"wp:attachment":[{"href":"https:\/\/welcome-prints.com\/en\/wp-json\/wp\/v2\/media?parent=3019"}],"wp:term":[{"taxonomy":"product_brand","embeddable":true,"href":"https:\/\/welcome-prints.com\/en\/wp-json\/wp\/v2\/product_brand?post=3019"},{"taxonomy":"product_cat","embeddable":true,"href":"https:\/\/welcome-prints.com\/en\/wp-json\/wp\/v2\/product_cat?post=3019"},{"taxonomy":"product_tag","embeddable":true,"href":"https:\/\/welcome-prints.com\/en\/wp-json\/wp\/v2\/product_tag?post=3019"}],"curies":[{"name":"wp","href":"https:\/\/api.w.org\/{rel}","templated":true}]}}