{"id":3009,"date":"2024-11-21T16:35:59","date_gmt":"2024-11-21T16:35:59","guid":{"rendered":"https:\/\/welcome-prints.com\/produit\/territoire-partage\/"},"modified":"2026-04-10T01:39:25","modified_gmt":"2026-04-10T01:39:25","slug":"territoire-partage","status":"publish","type":"product","link":"https:\/\/welcome-prints.com\/en\/produit\/territoire-partage\/","title":{"rendered":"Territoire partag\u00e9"},"content":{"rendered":"<p>Tirage num\u00e9rot\u00e9 \/3 , imprim\u00e9 \u00e0 la main par l&#8217;artiste<br \/>\nEncrage noire sur papier BFK rives de deux plaques de zinc.<\/p>\n<p>Prix total avec emballage, certificat d&#8217;authenticit\u00e9 et frais de transport inclus<\/p>\n","protected":false},"excerpt":{"rendered":"<p>Tirage num\u00e9rot\u00e9 \/3 , imprim\u00e9 \u00e0 la main par l&#8217;artiste Encrage noire sur papier BFK rives de deux plaques de zinc. Prix total avec emballage, certificat d&#8217;authenticit\u00e9 et frais de transport inclus<\/p>\n","protected":false},"featured_media":3005,"template":"","meta":{"_acf_changed":false},"product_brand":[],"product_cat":[224,258,196,215,200,259],"product_tag":[],"class_list":{"0":"post-3009","1":"product","2":"type-product","3":"status-publish","4":"has-post-thumbnail","6":"product_cat-224","7":"product_cat-anne-charlotte-de-lavergne","8":"product_cat-france","9":"product_cat-moyen","10":"product_cat-portrait","11":"product_cat-vernis-mou","13":"first","14":"instock","15":"shipping-taxable","16":"purchasable","17":"product-type-simple"},"acf":[],"_links":{"self":[{"href":"https:\/\/welcome-prints.com\/en\/wp-json\/wp\/v2\/product\/3009","targetHints":{"allow":["GET"]}}],"collection":[{"href":"https:\/\/welcome-prints.com\/en\/wp-json\/wp\/v2\/product"}],"about":[{"href":"https:\/\/welcome-prints.com\/en\/wp-json\/wp\/v2\/types\/product"}],"wp:featuredmedia":[{"embeddable":true,"href":"https:\/\/welcome-prints.com\/en\/wp-json\/wp\/v2\/media\/3005"}],"wp:attachment":[{"href":"https:\/\/welcome-prints.com\/en\/wp-json\/wp\/v2\/media?parent=3009"}],"wp:term":[{"taxonomy":"product_brand","embeddable":true,"href":"https:\/\/welcome-prints.com\/en\/wp-json\/wp\/v2\/product_brand?post=3009"},{"taxonomy":"product_cat","embeddable":true,"href":"https:\/\/welcome-prints.com\/en\/wp-json\/wp\/v2\/product_cat?post=3009"},{"taxonomy":"product_tag","embeddable":true,"href":"https:\/\/welcome-prints.com\/en\/wp-json\/wp\/v2\/product_tag?post=3009"}],"curies":[{"name":"wp","href":"https:\/\/api.w.org\/{rel}","templated":true}]}}