{"id":2998,"date":"2024-11-21T15:29:06","date_gmt":"2024-11-21T15:29:06","guid":{"rendered":"https:\/\/welcome-prints.com\/?post_type=product&#038;p=2998"},"modified":"2026-04-09T21:10:24","modified_gmt":"2026-04-09T21:10:24","slug":"le-merle-habille-de-pluie","status":"publish","type":"product","link":"https:\/\/welcome-prints.com\/en\/produit\/le-merle-habille-de-pluie\/","title":{"rendered":"Merle \/ Blackbird"},"content":{"rendered":"<p>Gravure \u00e0 l&#8217;eau forte, tirage num\u00e9rot\u00e9 \/3, imprim\u00e9 \u00e0 la main par l&#8217;artiste.<br \/>\nEncre noire sur papier BFK rives d&#8217;une plaque de zinc.<\/p>\n<p>Prix total avec emballage, certificat d&#8217;authenticit\u00e9 et frais de transport inclus<\/p>\n","protected":false},"excerpt":{"rendered":"<p>Gravure \u00e0 l&#8217;eau forte, tirage num\u00e9rot\u00e9 \/3, imprim\u00e9 \u00e0 la main par l&#8217;artiste. Encre noire sur papier BFK rives d&#8217;une plaque de zinc. Prix total avec emballage, certificat d&#8217;authenticit\u00e9 et frais de transport inclus<\/p>\n","protected":false},"featured_media":3001,"template":"","meta":{"_acf_changed":false},"product_brand":[],"product_cat":[225,258,206,210,196,216,327,200],"product_tag":[],"class_list":{"0":"post-2998","1":"product","2":"type-product","3":"status-publish","4":"has-post-thumbnail","6":"product_cat-225","7":"product_cat-anne-charlotte-de-lavergne","8":"product_cat-aquatinte","9":"product_cat-eau-forte","10":"product_cat-france","11":"product_cat-grand","12":"product_cat-non-categorise","13":"product_cat-portrait","15":"first","16":"instock","17":"shipping-taxable","18":"purchasable","19":"product-type-simple"},"acf":[],"_links":{"self":[{"href":"https:\/\/welcome-prints.com\/en\/wp-json\/wp\/v2\/product\/2998","targetHints":{"allow":["GET"]}}],"collection":[{"href":"https:\/\/welcome-prints.com\/en\/wp-json\/wp\/v2\/product"}],"about":[{"href":"https:\/\/welcome-prints.com\/en\/wp-json\/wp\/v2\/types\/product"}],"wp:featuredmedia":[{"embeddable":true,"href":"https:\/\/welcome-prints.com\/en\/wp-json\/wp\/v2\/media\/3001"}],"wp:attachment":[{"href":"https:\/\/welcome-prints.com\/en\/wp-json\/wp\/v2\/media?parent=2998"}],"wp:term":[{"taxonomy":"product_brand","embeddable":true,"href":"https:\/\/welcome-prints.com\/en\/wp-json\/wp\/v2\/product_brand?post=2998"},{"taxonomy":"product_cat","embeddable":true,"href":"https:\/\/welcome-prints.com\/en\/wp-json\/wp\/v2\/product_cat?post=2998"},{"taxonomy":"product_tag","embeddable":true,"href":"https:\/\/welcome-prints.com\/en\/wp-json\/wp\/v2\/product_tag?post=2998"}],"curies":[{"name":"wp","href":"https:\/\/api.w.org\/{rel}","templated":true}]}}