{"id":2985,"date":"2024-11-21T15:04:23","date_gmt":"2024-11-21T15:04:23","guid":{"rendered":"https:\/\/welcome-prints.com\/produit\/orfeo-1\/"},"modified":"2026-05-08T07:57:45","modified_gmt":"2026-05-08T07:57:45","slug":"orfeo-1","status":"publish","type":"product","link":"https:\/\/welcome-prints.com\/en\/produit\/orfeo-1\/","title":{"rendered":"Orfeo#1"},"content":{"rendered":"<p>Tirage monochrome num\u00e9rot\u00e9 \/4, imprim\u00e9 \u00e0 la main par l&#8217;artiste<br \/>\nEncrage de noir sur plaque de zinc.<\/p>\n<p>\u0152uvre Inspir\u00e9e des vers de Nicolas de la Cruz, Extrait du recueil Orfeo :<br \/>\n\u00ab Soudain, au creux de l\u2019\u00e9t\u00e9, sous la cro\u00fbte ti\u00e8de du chemin, j\u2019entendis cr\u00e9piter les veines de l\u2019amour \u00bb<\/p>\n<p>Prix total avec emballage, certificat d&#8217;authenticit\u00e9 et frais de transport inclus<\/p>\n","protected":false},"excerpt":{"rendered":"<p>Tirage monochrome num\u00e9rot\u00e9 \/4, imprim\u00e9 \u00e0 la main par l&#8217;artiste Encrage de noir sur plaque de zinc. \u0152uvre Inspir\u00e9e des vers de Nicolas de la Cruz, Extrait du recueil Orfeo : \u00ab Soudain, au creux de l\u2019\u00e9t\u00e9, sous la cro\u00fbte ti\u00e8de du chemin, j\u2019entendis cr\u00e9piter les veines de l\u2019amour \u00bb Prix total avec emballage, certificat [&hellip;]<\/p>\n","protected":false},"featured_media":3010,"template":"","meta":{"_acf_changed":false},"product_brand":[],"product_cat":[225,226,258,206,210,196,215,200],"product_tag":[],"class_list":{"0":"post-2985","1":"product","2":"type-product","3":"status-publish","4":"has-post-thumbnail","6":"product_cat-225","7":"product_cat-226","8":"product_cat-anne-charlotte-de-lavergne","9":"product_cat-aquatinte","10":"product_cat-eau-forte","11":"product_cat-france","12":"product_cat-moyen","13":"product_cat-portrait","15":"first","16":"instock","17":"shipping-taxable","18":"purchasable","19":"product-type-simple"},"acf":[],"_links":{"self":[{"href":"https:\/\/welcome-prints.com\/en\/wp-json\/wp\/v2\/product\/2985","targetHints":{"allow":["GET"]}}],"collection":[{"href":"https:\/\/welcome-prints.com\/en\/wp-json\/wp\/v2\/product"}],"about":[{"href":"https:\/\/welcome-prints.com\/en\/wp-json\/wp\/v2\/types\/product"}],"wp:featuredmedia":[{"embeddable":true,"href":"https:\/\/welcome-prints.com\/en\/wp-json\/wp\/v2\/media\/3010"}],"wp:attachment":[{"href":"https:\/\/welcome-prints.com\/en\/wp-json\/wp\/v2\/media?parent=2985"}],"wp:term":[{"taxonomy":"product_brand","embeddable":true,"href":"https:\/\/welcome-prints.com\/en\/wp-json\/wp\/v2\/product_brand?post=2985"},{"taxonomy":"product_cat","embeddable":true,"href":"https:\/\/welcome-prints.com\/en\/wp-json\/wp\/v2\/product_cat?post=2985"},{"taxonomy":"product_tag","embeddable":true,"href":"https:\/\/welcome-prints.com\/en\/wp-json\/wp\/v2\/product_tag?post=2985"}],"curies":[{"name":"wp","href":"https:\/\/api.w.org\/{rel}","templated":true}]}}