{"id":2943,"date":"2024-11-19T13:29:37","date_gmt":"2024-11-19T13:29:37","guid":{"rendered":"https:\/\/welcome-prints.com\/produit\/dansons\/"},"modified":"2026-05-06T15:44:25","modified_gmt":"2026-05-06T15:44:25","slug":"dansons","status":"publish","type":"product","link":"https:\/\/welcome-prints.com\/en\/produit\/dansons\/","title":{"rendered":"Dansons !"},"content":{"rendered":"<p>Mani\u00e8re noire, imprim\u00e9e sur papier Hahnemuhle 735 300g, \u00e9dition de 27<\/p>\n","protected":false},"excerpt":{"rendered":"<p>Mani\u00e8re noire, imprim\u00e9e sur papier Hahnemuhle 735 300g, \u00e9dition de 27<\/p>\n","protected":false},"featured_media":2942,"template":"","meta":{"_acf_changed":false},"product_brand":[],"product_cat":[212,202,196,222,215,219],"product_tag":[],"class_list":{"0":"post-2943","1":"product","2":"type-product","3":"status-publish","4":"has-post-thumbnail","6":"product_cat-212","7":"product_cat-carre","8":"product_cat-france","9":"product_cat-maniere-noire","10":"product_cat-moyen","11":"product_cat-pierre-vaquez","13":"first","14":"instock","15":"shipping-taxable","16":"purchasable","17":"product-type-simple"},"acf":[],"_links":{"self":[{"href":"https:\/\/welcome-prints.com\/en\/wp-json\/wp\/v2\/product\/2943","targetHints":{"allow":["GET"]}}],"collection":[{"href":"https:\/\/welcome-prints.com\/en\/wp-json\/wp\/v2\/product"}],"about":[{"href":"https:\/\/welcome-prints.com\/en\/wp-json\/wp\/v2\/types\/product"}],"wp:featuredmedia":[{"embeddable":true,"href":"https:\/\/welcome-prints.com\/en\/wp-json\/wp\/v2\/media\/2942"}],"wp:attachment":[{"href":"https:\/\/welcome-prints.com\/en\/wp-json\/wp\/v2\/media?parent=2943"}],"wp:term":[{"taxonomy":"product_brand","embeddable":true,"href":"https:\/\/welcome-prints.com\/en\/wp-json\/wp\/v2\/product_brand?post=2943"},{"taxonomy":"product_cat","embeddable":true,"href":"https:\/\/welcome-prints.com\/en\/wp-json\/wp\/v2\/product_cat?post=2943"},{"taxonomy":"product_tag","embeddable":true,"href":"https:\/\/welcome-prints.com\/en\/wp-json\/wp\/v2\/product_tag?post=2943"}],"curies":[{"name":"wp","href":"https:\/\/api.w.org\/{rel}","templated":true}]}}