{"id":2935,"date":"2024-11-19T11:46:42","date_gmt":"2024-11-19T11:46:42","guid":{"rendered":"https:\/\/welcome-prints.com\/produit\/because-im-not-myself-you-see\/"},"modified":"2026-05-06T11:03:00","modified_gmt":"2026-05-06T11:03:00","slug":"because-im-not-myself-you-see","status":"publish","type":"product","link":"https:\/\/welcome-prints.com\/en\/produit\/because-im-not-myself-you-see\/","title":{"rendered":"Because I&#8217;m not myself, you see&#8230;"},"content":{"rendered":"<p>Mani\u00e8re noire imprim\u00e9e sur papier Hahnemuhle 735 300g, \u00e9dition de 25.<\/p>\n","protected":false},"excerpt":{"rendered":"<p>Mani\u00e8re noire imprim\u00e9e sur papier Hahnemuhle 735 300g, \u00e9dition de 25.<\/p>\n","protected":false},"featured_media":2934,"template":"","meta":{"_acf_changed":false},"product_brand":[],"product_cat":[237,196,216,222,201,219],"product_tag":[],"class_list":{"0":"post-2935","1":"product","2":"type-product","3":"status-publish","4":"has-post-thumbnail","6":"product_cat-237","7":"product_cat-france","8":"product_cat-grand","9":"product_cat-maniere-noire","10":"product_cat-paysage","11":"product_cat-pierre-vaquez","13":"first","14":"instock","15":"shipping-taxable","16":"purchasable","17":"product-type-simple"},"acf":[],"_links":{"self":[{"href":"https:\/\/welcome-prints.com\/en\/wp-json\/wp\/v2\/product\/2935","targetHints":{"allow":["GET"]}}],"collection":[{"href":"https:\/\/welcome-prints.com\/en\/wp-json\/wp\/v2\/product"}],"about":[{"href":"https:\/\/welcome-prints.com\/en\/wp-json\/wp\/v2\/types\/product"}],"wp:featuredmedia":[{"embeddable":true,"href":"https:\/\/welcome-prints.com\/en\/wp-json\/wp\/v2\/media\/2934"}],"wp:attachment":[{"href":"https:\/\/welcome-prints.com\/en\/wp-json\/wp\/v2\/media?parent=2935"}],"wp:term":[{"taxonomy":"product_brand","embeddable":true,"href":"https:\/\/welcome-prints.com\/en\/wp-json\/wp\/v2\/product_brand?post=2935"},{"taxonomy":"product_cat","embeddable":true,"href":"https:\/\/welcome-prints.com\/en\/wp-json\/wp\/v2\/product_cat?post=2935"},{"taxonomy":"product_tag","embeddable":true,"href":"https:\/\/welcome-prints.com\/en\/wp-json\/wp\/v2\/product_tag?post=2935"}],"curies":[{"name":"wp","href":"https:\/\/api.w.org\/{rel}","templated":true}]}}