{"id":2919,"date":"2024-11-15T17:19:55","date_gmt":"2024-11-15T17:19:55","guid":{"rendered":"https:\/\/welcome-prints.com\/produit\/somnolence\/"},"modified":"2026-04-18T02:21:54","modified_gmt":"2026-04-18T02:21:54","slug":"somnolence","status":"publish","type":"product","link":"https:\/\/welcome-prints.com\/en\/produit\/somnolence\/","title":{"rendered":"Somnolence"},"content":{"rendered":"<p>Si tes guibolles flageolantes te m\u00e8nent \u00e7a et l\u00e0 comme bon leur semble et que de tes yeux cern\u00e9s tu ne distingues qu&#8217;envers de paupi\u00e8res\u2026 prends donc une chaise et assieds-toi.<\/p>\n<p>Attente fait partie d&#8217;une s\u00e9rie de 4 estampes r\u00e9alis\u00e9es pour l&#8217;exposition \u00ab Le cul entre deux chaises \u00bb \u00e0 cheval entre BAAM et Azez&#8217;ta \u00e0 Lorient du 14 avril au 25 mai 2023.<\/p>\n<p>Papier : Rosaspina de Fabriano 220 g\/m\u00b2<br \/>\nEncre : Crandfield Caligo safe wash<br \/>\nExemplaire : n\u00b08\/15<\/p>\n","protected":false},"excerpt":{"rendered":"<p>Si tes guibolles flageolantes te m\u00e8nent \u00e7a et l\u00e0 comme bon leur semble et que de tes yeux cern\u00e9s tu ne distingues qu&#8217;envers de paupi\u00e8res\u2026 prends donc une chaise et assieds-toi. Attente fait partie d&#8217;une s\u00e9rie de 4 estampes r\u00e9alis\u00e9es pour l&#8217;exposition \u00ab Le cul entre deux chaises \u00bb \u00e0 cheval entre BAAM et Azez&#8217;ta [&hellip;]<\/p>\n","protected":false},"featured_media":2911,"template":"","meta":{"_acf_changed":false},"product_brand":[],"product_cat":[212,196,264,228,214,200],"product_tag":[],"class_list":{"0":"post-2919","1":"product","2":"type-product","3":"status-publish","4":"has-post-thumbnail","6":"product_cat-212","7":"product_cat-france","8":"product_cat-les-cas-brasses","9":"product_cat-linogravure","10":"product_cat-petit","11":"product_cat-portrait","13":"first","14":"instock","15":"shipping-taxable","16":"purchasable","17":"product-type-simple"},"acf":[],"_links":{"self":[{"href":"https:\/\/welcome-prints.com\/en\/wp-json\/wp\/v2\/product\/2919","targetHints":{"allow":["GET"]}}],"collection":[{"href":"https:\/\/welcome-prints.com\/en\/wp-json\/wp\/v2\/product"}],"about":[{"href":"https:\/\/welcome-prints.com\/en\/wp-json\/wp\/v2\/types\/product"}],"wp:featuredmedia":[{"embeddable":true,"href":"https:\/\/welcome-prints.com\/en\/wp-json\/wp\/v2\/media\/2911"}],"wp:attachment":[{"href":"https:\/\/welcome-prints.com\/en\/wp-json\/wp\/v2\/media?parent=2919"}],"wp:term":[{"taxonomy":"product_brand","embeddable":true,"href":"https:\/\/welcome-prints.com\/en\/wp-json\/wp\/v2\/product_brand?post=2919"},{"taxonomy":"product_cat","embeddable":true,"href":"https:\/\/welcome-prints.com\/en\/wp-json\/wp\/v2\/product_cat?post=2919"},{"taxonomy":"product_tag","embeddable":true,"href":"https:\/\/welcome-prints.com\/en\/wp-json\/wp\/v2\/product_tag?post=2919"}],"curies":[{"name":"wp","href":"https:\/\/api.w.org\/{rel}","templated":true}]}}