{"id":2918,"date":"2024-11-15T17:12:25","date_gmt":"2024-11-15T17:12:25","guid":{"rendered":"https:\/\/welcome-prints.com\/?post_type=product&#038;p=2918"},"modified":"2026-04-18T02:10:19","modified_gmt":"2026-04-18T02:10:19","slug":"addiction","status":"publish","type":"product","link":"https:\/\/welcome-prints.com\/en\/produit\/addiction\/","title":{"rendered":"Addiction"},"content":{"rendered":"<p>Si dans la vie tu n&#8217;as d&#8217;yeux que pour lui, que tu marches beno\u00eetement t\u00eate baiss\u00e9e et que tu manques sans cesse d&#8217;\u00eatre renvers\u00e9\u2026 prends donc une chaise et assieds-toi.<\/p>\n<p>Addiction fait partie d&#8217;une s\u00e9rie de 4 estampes r\u00e9alis\u00e9es pour l&#8217;exposition \u00ab Le cul entre deux chaises \u00bb \u00e0 cheval entre BAAM et Azez&#8217;ta \u00e0 Lorient du 14 avril au 25 mai 2023.<\/p>\n<p>Papier : Rosaspina de Fabriano 220 g\/m\u00b2<br \/>\nEncre : Crandfield Caligo safe wash<br \/>\nExemplaire : n\u00b08\/15<\/p>\n","protected":false},"excerpt":{"rendered":"<p>Si dans la vie tu n&#8217;as d&#8217;yeux que pour lui, que tu marches beno\u00eetement t\u00eate baiss\u00e9e et que tu manques sans cesse d&#8217;\u00eatre renvers\u00e9\u2026 prends donc une chaise et assieds-toi. Addiction fait partie d&#8217;une s\u00e9rie de 4 estampes r\u00e9alis\u00e9es pour l&#8217;exposition \u00ab Le cul entre deux chaises \u00bb \u00e0 cheval entre BAAM et Azez&#8217;ta \u00e0 [&hellip;]<\/p>\n","protected":false},"featured_media":2905,"template":"","meta":{"_acf_changed":false},"product_brand":[],"product_cat":[212,196,264,228,214,200],"product_tag":[],"class_list":{"0":"post-2918","1":"product","2":"type-product","3":"status-publish","4":"has-post-thumbnail","6":"product_cat-212","7":"product_cat-france","8":"product_cat-les-cas-brasses","9":"product_cat-linogravure","10":"product_cat-petit","11":"product_cat-portrait","13":"first","14":"instock","15":"shipping-taxable","16":"purchasable","17":"product-type-simple"},"acf":[],"_links":{"self":[{"href":"https:\/\/welcome-prints.com\/en\/wp-json\/wp\/v2\/product\/2918","targetHints":{"allow":["GET"]}}],"collection":[{"href":"https:\/\/welcome-prints.com\/en\/wp-json\/wp\/v2\/product"}],"about":[{"href":"https:\/\/welcome-prints.com\/en\/wp-json\/wp\/v2\/types\/product"}],"wp:featuredmedia":[{"embeddable":true,"href":"https:\/\/welcome-prints.com\/en\/wp-json\/wp\/v2\/media\/2905"}],"wp:attachment":[{"href":"https:\/\/welcome-prints.com\/en\/wp-json\/wp\/v2\/media?parent=2918"}],"wp:term":[{"taxonomy":"product_brand","embeddable":true,"href":"https:\/\/welcome-prints.com\/en\/wp-json\/wp\/v2\/product_brand?post=2918"},{"taxonomy":"product_cat","embeddable":true,"href":"https:\/\/welcome-prints.com\/en\/wp-json\/wp\/v2\/product_cat?post=2918"},{"taxonomy":"product_tag","embeddable":true,"href":"https:\/\/welcome-prints.com\/en\/wp-json\/wp\/v2\/product_tag?post=2918"}],"curies":[{"name":"wp","href":"https:\/\/api.w.org\/{rel}","templated":true}]}}