{"id":2916,"date":"2024-11-15T17:04:22","date_gmt":"2024-11-15T17:04:22","guid":{"rendered":"https:\/\/welcome-prints.com\/produit\/attente\/"},"modified":"2026-04-18T02:29:29","modified_gmt":"2026-04-18T02:29:29","slug":"attente","status":"publish","type":"product","link":"https:\/\/welcome-prints.com\/en\/produit\/attente\/","title":{"rendered":"Attente"},"content":{"rendered":"<p>Si tu es rompu au labour des pav\u00e9s \u00e0 force de faire les cent pas, que le temps te semble en suspens et que la foule \u00e0 l&#8217;entour n&#8217;est que flou cin\u00e9tique\u2026 prends donc une chaise et assieds-toi.<\/p>\n<p>Attente fait partie d&#8217;une s\u00e9rie de 4 estampes r\u00e9alis\u00e9es pour l&#8217;exposition \u00ab Le cul entre deux chaises \u00bb \u00e0 cheval entre BAAM et Azez&#8217;ta \u00e0 Lorient du 14 avril au 25 mai 2023.<\/p>\n<p>Papier : Rosaspina de Fabriano 220 g\/m\u00b2<br \/>\nEncre : Crandfield Caligo safe wash<br \/>\nExemplaire : n\u00b08\/15<\/p>\n","protected":false},"excerpt":{"rendered":"<p>Si tu es rompu au labour des pav\u00e9s \u00e0 force de faire les cent pas, que le temps te semble en suspens et que la foule \u00e0 l&#8217;entour n&#8217;est que flou cin\u00e9tique\u2026 prends donc une chaise et assieds-toi. Attente fait partie d&#8217;une s\u00e9rie de 4 estampes r\u00e9alis\u00e9es pour l&#8217;exposition \u00ab Le cul entre deux chaises [&hellip;]<\/p>\n","protected":false},"featured_media":2907,"template":"","meta":{"_acf_changed":false},"product_brand":[],"product_cat":[212,196,264,228,214,200],"product_tag":[],"class_list":{"0":"post-2916","1":"product","2":"type-product","3":"status-publish","4":"has-post-thumbnail","6":"product_cat-212","7":"product_cat-france","8":"product_cat-les-cas-brasses","9":"product_cat-linogravure","10":"product_cat-petit","11":"product_cat-portrait","13":"first","14":"instock","15":"shipping-taxable","16":"purchasable","17":"product-type-simple"},"acf":[],"_links":{"self":[{"href":"https:\/\/welcome-prints.com\/en\/wp-json\/wp\/v2\/product\/2916","targetHints":{"allow":["GET"]}}],"collection":[{"href":"https:\/\/welcome-prints.com\/en\/wp-json\/wp\/v2\/product"}],"about":[{"href":"https:\/\/welcome-prints.com\/en\/wp-json\/wp\/v2\/types\/product"}],"wp:featuredmedia":[{"embeddable":true,"href":"https:\/\/welcome-prints.com\/en\/wp-json\/wp\/v2\/media\/2907"}],"wp:attachment":[{"href":"https:\/\/welcome-prints.com\/en\/wp-json\/wp\/v2\/media?parent=2916"}],"wp:term":[{"taxonomy":"product_brand","embeddable":true,"href":"https:\/\/welcome-prints.com\/en\/wp-json\/wp\/v2\/product_brand?post=2916"},{"taxonomy":"product_cat","embeddable":true,"href":"https:\/\/welcome-prints.com\/en\/wp-json\/wp\/v2\/product_cat?post=2916"},{"taxonomy":"product_tag","embeddable":true,"href":"https:\/\/welcome-prints.com\/en\/wp-json\/wp\/v2\/product_tag?post=2916"}],"curies":[{"name":"wp","href":"https:\/\/api.w.org\/{rel}","templated":true}]}}