{"id":2914,"date":"2024-11-15T16:57:26","date_gmt":"2024-11-15T16:57:26","guid":{"rendered":"https:\/\/welcome-prints.com\/?post_type=product&#038;p=2914"},"modified":"2026-04-18T02:21:03","modified_gmt":"2026-04-18T02:21:03","slug":"lassitude","status":"publish","type":"product","link":"https:\/\/welcome-prints.com\/en\/produit\/lassitude\/","title":{"rendered":"Lassitude"},"content":{"rendered":"<p>Si la langueur te gagne \u00e0 mesure que s&#8217;\u00e9grainent les jours, si ta complexion lymphatique te ronge et te rend las de tout\u2026 prends donc une chaise et assieds-toi.<\/p>\n<p>Lassitude fait partie d&#8217;une s\u00e9rie de 4 estampes r\u00e9alis\u00e9es pour l&#8217;exposition \u00ab Le cul entre deux chaises \u00bb \u00e0 cheval entre BAAM et Azez&#8217;ta \u00e0 Lorient du 14 avril au 25 mai 2023.<\/p>\n<p>Papier : Rosaspina de Fabriano 220 g\/m\u00b2<br \/>\nEncre : Crandfield Caligo safe wash<br \/>\nExemplaire : n\u00b08\/15<\/p>\n","protected":false},"excerpt":{"rendered":"<p>Si la langueur te gagne \u00e0 mesure que s&#8217;\u00e9grainent les jours, si ta complexion lymphatique te ronge et te rend las de tout\u2026 prends donc une chaise et assieds-toi. Lassitude fait partie d&#8217;une s\u00e9rie de 4 estampes r\u00e9alis\u00e9es pour l&#8217;exposition \u00ab Le cul entre deux chaises \u00bb \u00e0 cheval entre BAAM et Azez&#8217;ta \u00e0 Lorient [&hellip;]<\/p>\n","protected":false},"featured_media":2909,"template":"","meta":{"_acf_changed":false},"product_brand":[],"product_cat":[212,196,264,228,214,200],"product_tag":[],"class_list":{"0":"post-2914","1":"product","2":"type-product","3":"status-publish","4":"has-post-thumbnail","6":"product_cat-212","7":"product_cat-france","8":"product_cat-les-cas-brasses","9":"product_cat-linogravure","10":"product_cat-petit","11":"product_cat-portrait","13":"first","14":"instock","15":"shipping-taxable","16":"purchasable","17":"product-type-simple"},"acf":[],"_links":{"self":[{"href":"https:\/\/welcome-prints.com\/en\/wp-json\/wp\/v2\/product\/2914","targetHints":{"allow":["GET"]}}],"collection":[{"href":"https:\/\/welcome-prints.com\/en\/wp-json\/wp\/v2\/product"}],"about":[{"href":"https:\/\/welcome-prints.com\/en\/wp-json\/wp\/v2\/types\/product"}],"wp:featuredmedia":[{"embeddable":true,"href":"https:\/\/welcome-prints.com\/en\/wp-json\/wp\/v2\/media\/2909"}],"wp:attachment":[{"href":"https:\/\/welcome-prints.com\/en\/wp-json\/wp\/v2\/media?parent=2914"}],"wp:term":[{"taxonomy":"product_brand","embeddable":true,"href":"https:\/\/welcome-prints.com\/en\/wp-json\/wp\/v2\/product_brand?post=2914"},{"taxonomy":"product_cat","embeddable":true,"href":"https:\/\/welcome-prints.com\/en\/wp-json\/wp\/v2\/product_cat?post=2914"},{"taxonomy":"product_tag","embeddable":true,"href":"https:\/\/welcome-prints.com\/en\/wp-json\/wp\/v2\/product_tag?post=2914"}],"curies":[{"name":"wp","href":"https:\/\/api.w.org\/{rel}","templated":true}]}}