{"id":2904,"date":"2024-11-15T12:35:19","date_gmt":"2024-11-15T12:35:19","guid":{"rendered":"https:\/\/welcome-prints.com\/produit\/viracocha\/"},"modified":"2026-04-18T04:03:57","modified_gmt":"2026-04-18T04:03:57","slug":"viracocha","status":"publish","type":"product","link":"https:\/\/welcome-prints.com\/en\/produit\/viracocha\/","title":{"rendered":"Viracocha"},"content":{"rendered":"<p>Viracocha est, dans le panth\u00e9on des Incas, la divinit\u00e9 cr\u00e9atrice du monde, du soleil, de la lune et des \u00e9toiles.<\/p>\n<p>De grosses roches il fit des g\u00e9ants qui se r\u00e9v\u00e9l\u00e8rent stupides, tant et si bien que pour faire table rase, il les noya sous des trombes d\u2019eau. Il d\u00e9cida alors de cr\u00e9er des \u00eatres meilleurs, mais \u00e0 partir de pierres plus petites : les hommes. Se glissant parmi eux d\u00e9guis\u00e9 en mendiant, il leur enseigna les rudiments de l\u2019agriculture et de l\u2019\u00e9levage respectueux des \u00eatres et de l\u2019environnement. Mais ils s\u2019affranchirent bient\u00f4t de ses conseils surann\u00e9s et le montr\u00e8rent au doigt. Gagn\u00e9s par la fi\u00e8vre du progr\u00e8s, ils entam\u00e8rent de concert et en ch\u0153ur le massacre du printemps par le remembrement des terres agricoles, par la m\u00e9canisation des pratiques \u00e0 marche forc\u00e9e, par l\u2019\u00e9pandage de soupes neurotoxiques et tant d\u2019autres choses similaires, si ce n\u2019est pire\u2026<\/p>\n<p>Viracocha trouva que les hommes \u00e9taient finalement des \u00eatres stupides, eux aussi, et les m\u00e9tamorphosa \u00e0 nouveau en mis\u00e9rables petites pierres.<\/p>\n<p>Technique : Impression avec des Lego<br \/>\nPapier : Rosaspina de Fabriano 220 g\/m\u00b2<br \/>\nEncre : Crandfield Caligo safe wash<br \/>\nExemplaire : n\u00b04\/6<\/p>\n","protected":false},"excerpt":{"rendered":"<p>Viracocha est, dans le panth\u00e9on des Incas, la divinit\u00e9 cr\u00e9atrice du monde, du soleil, de la lune et des \u00e9toiles. De grosses roches il fit des g\u00e9ants qui se r\u00e9v\u00e9l\u00e8rent stupides, tant et si bien que pour faire table rase, il les noya sous des trombes d\u2019eau. Il d\u00e9cida alors de cr\u00e9er des \u00eatres meilleurs, [&hellip;]<\/p>\n","protected":false},"featured_media":2901,"template":"","meta":{"_acf_changed":false},"product_brand":[],"product_cat":[212,202,196,216,264],"product_tag":[],"class_list":{"0":"post-2904","1":"product","2":"type-product","3":"status-publish","4":"has-post-thumbnail","6":"product_cat-212","7":"product_cat-carre","8":"product_cat-france","9":"product_cat-grand","10":"product_cat-les-cas-brasses","12":"first","13":"instock","14":"shipping-taxable","15":"purchasable","16":"product-type-simple"},"acf":[],"_links":{"self":[{"href":"https:\/\/welcome-prints.com\/en\/wp-json\/wp\/v2\/product\/2904","targetHints":{"allow":["GET"]}}],"collection":[{"href":"https:\/\/welcome-prints.com\/en\/wp-json\/wp\/v2\/product"}],"about":[{"href":"https:\/\/welcome-prints.com\/en\/wp-json\/wp\/v2\/types\/product"}],"wp:featuredmedia":[{"embeddable":true,"href":"https:\/\/welcome-prints.com\/en\/wp-json\/wp\/v2\/media\/2901"}],"wp:attachment":[{"href":"https:\/\/welcome-prints.com\/en\/wp-json\/wp\/v2\/media?parent=2904"}],"wp:term":[{"taxonomy":"product_brand","embeddable":true,"href":"https:\/\/welcome-prints.com\/en\/wp-json\/wp\/v2\/product_brand?post=2904"},{"taxonomy":"product_cat","embeddable":true,"href":"https:\/\/welcome-prints.com\/en\/wp-json\/wp\/v2\/product_cat?post=2904"},{"taxonomy":"product_tag","embeddable":true,"href":"https:\/\/welcome-prints.com\/en\/wp-json\/wp\/v2\/product_tag?post=2904"}],"curies":[{"name":"wp","href":"https:\/\/api.w.org\/{rel}","templated":true}]}}