{"id":2889,"date":"2024-11-08T11:18:29","date_gmt":"2024-11-08T11:18:29","guid":{"rendered":"https:\/\/welcome-prints.com\/?post_type=product&#038;p=2889"},"modified":"2026-04-17T20:45:19","modified_gmt":"2026-04-17T20:45:19","slug":"lorient-an-oriant","status":"publish","type":"product","link":"https:\/\/welcome-prints.com\/en\/produit\/lorient-an-oriant\/","title":{"rendered":"Lorient &#8211; An Oriant"},"content":{"rendered":"<p>Enfin fig\u00e9e sur linol\u00e9um apr\u00e8s d\u2019innombrables heures \u00e0 sillonner ses rues et ses avenues gouges en main, \u00e0 sculpter ses \u00e9difices et ses installations portuaires, \u00e0 modeler sa rade et son trait de c\u00f4te, l\u2019estampe brute de la ville de Lorient \u2014 An Oriant en breton \u2014 se r\u00e9v\u00e8le au grand jour et en grand format.<\/p>\n<p>Typographie : BilboINC de H\u00e9l\u00e8ne Marian<\/p>\n<p>Papier : Rosaspina de Fabriano 220 g\/m\u00b2<br \/>\nEncre : Crandfield Caligo safe wash<br \/>\nExemplaire : n\u00b09\/30<\/p>\n","protected":false},"excerpt":{"rendered":"<p>Enfin fig\u00e9e sur linol\u00e9um apr\u00e8s d\u2019innombrables heures \u00e0 sillonner ses rues et ses avenues gouges en main, \u00e0 sculpter ses \u00e9difices et ses installations portuaires, \u00e0 modeler sa rade et son trait de c\u00f4te, l\u2019estampe brute de la ville de Lorient \u2014 An Oriant en breton \u2014 se r\u00e9v\u00e8le au grand jour et en grand [&hellip;]<\/p>\n","protected":false},"featured_media":2890,"template":"","meta":{"_acf_changed":false},"product_brand":[],"product_cat":[212,191,196,216,264,228,200],"product_tag":[],"class_list":{"0":"post-2889","1":"product","2":"type-product","3":"status-publish","4":"has-post-thumbnail","6":"product_cat-212","7":"product_cat-artistes","8":"product_cat-france","9":"product_cat-grand","10":"product_cat-les-cas-brasses","11":"product_cat-linogravure","12":"product_cat-portrait","14":"first","15":"instock","16":"shipping-taxable","17":"purchasable","18":"product-type-simple"},"acf":[],"_links":{"self":[{"href":"https:\/\/welcome-prints.com\/en\/wp-json\/wp\/v2\/product\/2889","targetHints":{"allow":["GET"]}}],"collection":[{"href":"https:\/\/welcome-prints.com\/en\/wp-json\/wp\/v2\/product"}],"about":[{"href":"https:\/\/welcome-prints.com\/en\/wp-json\/wp\/v2\/types\/product"}],"wp:featuredmedia":[{"embeddable":true,"href":"https:\/\/welcome-prints.com\/en\/wp-json\/wp\/v2\/media\/2890"}],"wp:attachment":[{"href":"https:\/\/welcome-prints.com\/en\/wp-json\/wp\/v2\/media?parent=2889"}],"wp:term":[{"taxonomy":"product_brand","embeddable":true,"href":"https:\/\/welcome-prints.com\/en\/wp-json\/wp\/v2\/product_brand?post=2889"},{"taxonomy":"product_cat","embeddable":true,"href":"https:\/\/welcome-prints.com\/en\/wp-json\/wp\/v2\/product_cat?post=2889"},{"taxonomy":"product_tag","embeddable":true,"href":"https:\/\/welcome-prints.com\/en\/wp-json\/wp\/v2\/product_tag?post=2889"}],"curies":[{"name":"wp","href":"https:\/\/api.w.org\/{rel}","templated":true}]}}