{"id":2875,"date":"2024-10-31T21:08:00","date_gmt":"2024-10-31T21:08:00","guid":{"rendered":"https:\/\/welcome-prints.com\/produit\/tete-a-tete\/"},"modified":"2026-04-09T21:12:42","modified_gmt":"2026-04-09T21:12:42","slug":"tete-a-tete","status":"publish","type":"product","link":"https:\/\/welcome-prints.com\/en\/produit\/tete-a-tete\/","title":{"rendered":"T\u00eate-\u00e0-t\u00eate"},"content":{"rendered":"<p>Linogravure<br \/>\n10 exemplaires num\u00e9rot\u00e9s<br \/>\nImpression sur papier BFK Rives 250 gr<\/p>\n","protected":false},"excerpt":{"rendered":"<p>Linogravure 10 exemplaires num\u00e9rot\u00e9s Impression sur papier BFK Rives 250 gr<\/p>\n","protected":false},"featured_media":2874,"template":"","meta":{"_acf_changed":false},"product_brand":[],"product_cat":[223,196,216,228,200,263],"product_tag":[],"class_list":{"0":"post-2875","1":"product","2":"type-product","3":"status-publish","4":"has-post-thumbnail","6":"product_cat-223","7":"product_cat-france","8":"product_cat-grand","9":"product_cat-linogravure","10":"product_cat-portrait","11":"product_cat-sarah-battaglia","13":"first","14":"instock","15":"shipping-taxable","16":"purchasable","17":"product-type-simple"},"acf":[],"_links":{"self":[{"href":"https:\/\/welcome-prints.com\/en\/wp-json\/wp\/v2\/product\/2875","targetHints":{"allow":["GET"]}}],"collection":[{"href":"https:\/\/welcome-prints.com\/en\/wp-json\/wp\/v2\/product"}],"about":[{"href":"https:\/\/welcome-prints.com\/en\/wp-json\/wp\/v2\/types\/product"}],"wp:featuredmedia":[{"embeddable":true,"href":"https:\/\/welcome-prints.com\/en\/wp-json\/wp\/v2\/media\/2874"}],"wp:attachment":[{"href":"https:\/\/welcome-prints.com\/en\/wp-json\/wp\/v2\/media?parent=2875"}],"wp:term":[{"taxonomy":"product_brand","embeddable":true,"href":"https:\/\/welcome-prints.com\/en\/wp-json\/wp\/v2\/product_brand?post=2875"},{"taxonomy":"product_cat","embeddable":true,"href":"https:\/\/welcome-prints.com\/en\/wp-json\/wp\/v2\/product_cat?post=2875"},{"taxonomy":"product_tag","embeddable":true,"href":"https:\/\/welcome-prints.com\/en\/wp-json\/wp\/v2\/product_tag?post=2875"}],"curies":[{"name":"wp","href":"https:\/\/api.w.org\/{rel}","templated":true}]}}