{"id":2873,"date":"2024-10-31T21:03:45","date_gmt":"2024-10-31T21:03:45","guid":{"rendered":"https:\/\/welcome-prints.com\/produit\/solitudes\/"},"modified":"2026-04-09T18:38:23","modified_gmt":"2026-04-09T18:38:23","slug":"solitudes","status":"publish","type":"product","link":"https:\/\/welcome-prints.com\/en\/produit\/solitudes\/","title":{"rendered":"Solitudes"},"content":{"rendered":"<p>num\u00e9rot\u00e9es et sign\u00e9es en 3 exemplaires<br \/>\nImpression sur papier BFK Rives 250gr<\/p>\n","protected":false},"excerpt":{"rendered":"<p>num\u00e9rot\u00e9es et sign\u00e9es en 3 exemplaires Impression sur papier BFK Rives 250gr<\/p>\n","protected":false},"featured_media":2872,"template":"","meta":{"_acf_changed":false},"product_brand":[],"product_cat":[212,196,228,215,211,200,263],"product_tag":[],"class_list":{"0":"post-2873","1":"product","2":"type-product","3":"status-publish","4":"has-post-thumbnail","6":"product_cat-212","7":"product_cat-france","8":"product_cat-linogravure","9":"product_cat-moyen","10":"product_cat-pointe-seche","11":"product_cat-portrait","12":"product_cat-sarah-battaglia","14":"first","15":"instock","16":"shipping-taxable","17":"purchasable","18":"product-type-simple"},"acf":[],"_links":{"self":[{"href":"https:\/\/welcome-prints.com\/en\/wp-json\/wp\/v2\/product\/2873","targetHints":{"allow":["GET"]}}],"collection":[{"href":"https:\/\/welcome-prints.com\/en\/wp-json\/wp\/v2\/product"}],"about":[{"href":"https:\/\/welcome-prints.com\/en\/wp-json\/wp\/v2\/types\/product"}],"wp:featuredmedia":[{"embeddable":true,"href":"https:\/\/welcome-prints.com\/en\/wp-json\/wp\/v2\/media\/2872"}],"wp:attachment":[{"href":"https:\/\/welcome-prints.com\/en\/wp-json\/wp\/v2\/media?parent=2873"}],"wp:term":[{"taxonomy":"product_brand","embeddable":true,"href":"https:\/\/welcome-prints.com\/en\/wp-json\/wp\/v2\/product_brand?post=2873"},{"taxonomy":"product_cat","embeddable":true,"href":"https:\/\/welcome-prints.com\/en\/wp-json\/wp\/v2\/product_cat?post=2873"},{"taxonomy":"product_tag","embeddable":true,"href":"https:\/\/welcome-prints.com\/en\/wp-json\/wp\/v2\/product_tag?post=2873"}],"curies":[{"name":"wp","href":"https:\/\/api.w.org\/{rel}","templated":true}]}}