{"id":2871,"date":"2024-10-31T20:54:50","date_gmt":"2024-10-31T20:54:50","guid":{"rendered":"https:\/\/welcome-prints.com\/produit\/petit-gibier\/"},"modified":"2026-04-09T18:34:23","modified_gmt":"2026-04-09T18:34:23","slug":"petit-gibier","status":"publish","type":"product","link":"https:\/\/welcome-prints.com\/en\/produit\/petit-gibier\/","title":{"rendered":"Petit Gibier"},"content":{"rendered":"<p>num\u00e9rot\u00e9es et sign\u00e9es en 3 exemplaires<br \/>\nImpression sur papier BFK Rives 250gr avec chine coll\u00e9 japonais<\/p>\n","protected":false},"excerpt":{"rendered":"<p>num\u00e9rot\u00e9es et sign\u00e9es en 3 exemplaires Impression sur papier BFK Rives 250gr avec chine coll\u00e9 japonais<\/p>\n","protected":false},"featured_media":2870,"template":"","meta":{"_acf_changed":false},"product_brand":[],"product_cat":[212,196,215,211,200,263],"product_tag":[],"class_list":{"0":"post-2871","1":"product","2":"type-product","3":"status-publish","4":"has-post-thumbnail","6":"product_cat-212","7":"product_cat-france","8":"product_cat-moyen","9":"product_cat-pointe-seche","10":"product_cat-portrait","11":"product_cat-sarah-battaglia","13":"first","14":"instock","15":"shipping-taxable","16":"purchasable","17":"product-type-simple"},"acf":[],"_links":{"self":[{"href":"https:\/\/welcome-prints.com\/en\/wp-json\/wp\/v2\/product\/2871","targetHints":{"allow":["GET"]}}],"collection":[{"href":"https:\/\/welcome-prints.com\/en\/wp-json\/wp\/v2\/product"}],"about":[{"href":"https:\/\/welcome-prints.com\/en\/wp-json\/wp\/v2\/types\/product"}],"wp:featuredmedia":[{"embeddable":true,"href":"https:\/\/welcome-prints.com\/en\/wp-json\/wp\/v2\/media\/2870"}],"wp:attachment":[{"href":"https:\/\/welcome-prints.com\/en\/wp-json\/wp\/v2\/media?parent=2871"}],"wp:term":[{"taxonomy":"product_brand","embeddable":true,"href":"https:\/\/welcome-prints.com\/en\/wp-json\/wp\/v2\/product_brand?post=2871"},{"taxonomy":"product_cat","embeddable":true,"href":"https:\/\/welcome-prints.com\/en\/wp-json\/wp\/v2\/product_cat?post=2871"},{"taxonomy":"product_tag","embeddable":true,"href":"https:\/\/welcome-prints.com\/en\/wp-json\/wp\/v2\/product_tag?post=2871"}],"curies":[{"name":"wp","href":"https:\/\/api.w.org\/{rel}","templated":true}]}}