{"id":2865,"date":"2024-10-31T20:31:02","date_gmt":"2024-10-31T20:31:02","guid":{"rendered":"https:\/\/welcome-prints.com\/produit\/chouettons\/"},"modified":"2026-04-09T15:06:59","modified_gmt":"2026-04-09T15:06:59","slug":"chouettons","status":"publish","type":"product","link":"https:\/\/welcome-prints.com\/en\/produit\/chouettons\/","title":{"rendered":"Chouettons"},"content":{"rendered":"<p>num\u00e9rot\u00e9es et sign\u00e9es en 3 exemplaires<br \/>\nImpression sur papier BFK Rives 250gr avec chine coll\u00e9 japonais<\/p>\n","protected":false},"excerpt":{"rendered":"<p>num\u00e9rot\u00e9es et sign\u00e9es en 3 exemplaires Impression sur papier BFK Rives 250gr avec chine coll\u00e9 japonais<\/p>\n","protected":false},"featured_media":2864,"template":"","meta":{"_acf_changed":false},"product_brand":[],"product_cat":[212,196,216,201,211,263],"product_tag":[],"class_list":{"0":"post-2865","1":"product","2":"type-product","3":"status-publish","4":"has-post-thumbnail","6":"product_cat-212","7":"product_cat-france","8":"product_cat-grand","9":"product_cat-paysage","10":"product_cat-pointe-seche","11":"product_cat-sarah-battaglia","13":"first","14":"instock","15":"shipping-taxable","16":"purchasable","17":"product-type-simple"},"acf":[],"_links":{"self":[{"href":"https:\/\/welcome-prints.com\/en\/wp-json\/wp\/v2\/product\/2865","targetHints":{"allow":["GET"]}}],"collection":[{"href":"https:\/\/welcome-prints.com\/en\/wp-json\/wp\/v2\/product"}],"about":[{"href":"https:\/\/welcome-prints.com\/en\/wp-json\/wp\/v2\/types\/product"}],"wp:featuredmedia":[{"embeddable":true,"href":"https:\/\/welcome-prints.com\/en\/wp-json\/wp\/v2\/media\/2864"}],"wp:attachment":[{"href":"https:\/\/welcome-prints.com\/en\/wp-json\/wp\/v2\/media?parent=2865"}],"wp:term":[{"taxonomy":"product_brand","embeddable":true,"href":"https:\/\/welcome-prints.com\/en\/wp-json\/wp\/v2\/product_brand?post=2865"},{"taxonomy":"product_cat","embeddable":true,"href":"https:\/\/welcome-prints.com\/en\/wp-json\/wp\/v2\/product_cat?post=2865"},{"taxonomy":"product_tag","embeddable":true,"href":"https:\/\/welcome-prints.com\/en\/wp-json\/wp\/v2\/product_tag?post=2865"}],"curies":[{"name":"wp","href":"https:\/\/api.w.org\/{rel}","templated":true}]}}