{"id":2860,"date":"2024-10-31T20:15:52","date_gmt":"2024-10-31T20:15:52","guid":{"rendered":"https:\/\/welcome-prints.com\/produit\/tronc-commun\/"},"modified":"2026-04-09T13:57:22","modified_gmt":"2026-04-09T13:57:22","slug":"tronc-commun","status":"publish","type":"product","link":"https:\/\/welcome-prints.com\/en\/produit\/tronc-commun\/","title":{"rendered":"Tronc commun"},"content":{"rendered":"<p>num\u00e9rot\u00e9es et sign\u00e9es en 3 exemplaires<br \/>\nImpression sur papier BFK Rives 250gr<br \/>\nattention les couleurs peuvent l\u00e9g\u00e8rement varier entre l&#8217;oeuvre originale  et le fichier<br \/>\nIl s&#8217;agit plut\u00f4t d&#8217;un violet que d&#8217;un bleu<br \/>\nContacter l&#8217;artiste pour plus d&#8217;information \u00e0 ce sujet<\/p>\n","protected":false},"excerpt":{"rendered":"<p>num\u00e9rot\u00e9es et sign\u00e9es en 3 exemplaires Impression sur papier BFK Rives 250gr attention les couleurs peuvent l\u00e9g\u00e8rement varier entre l&#8217;oeuvre originale et le fichier Il s&#8217;agit plut\u00f4t d&#8217;un violet que d&#8217;un bleu Contacter l&#8217;artiste pour plus d&#8217;information \u00e0 ce sujet<\/p>\n","protected":false},"featured_media":2859,"template":"","meta":{"_acf_changed":false},"product_brand":[],"product_cat":[212,196,215,211,200,263],"product_tag":[],"class_list":{"0":"post-2860","1":"product","2":"type-product","3":"status-publish","4":"has-post-thumbnail","6":"product_cat-212","7":"product_cat-france","8":"product_cat-moyen","9":"product_cat-pointe-seche","10":"product_cat-portrait","11":"product_cat-sarah-battaglia","13":"first","14":"instock","15":"shipping-taxable","16":"purchasable","17":"product-type-simple"},"acf":[],"_links":{"self":[{"href":"https:\/\/welcome-prints.com\/en\/wp-json\/wp\/v2\/product\/2860","targetHints":{"allow":["GET"]}}],"collection":[{"href":"https:\/\/welcome-prints.com\/en\/wp-json\/wp\/v2\/product"}],"about":[{"href":"https:\/\/welcome-prints.com\/en\/wp-json\/wp\/v2\/types\/product"}],"wp:featuredmedia":[{"embeddable":true,"href":"https:\/\/welcome-prints.com\/en\/wp-json\/wp\/v2\/media\/2859"}],"wp:attachment":[{"href":"https:\/\/welcome-prints.com\/en\/wp-json\/wp\/v2\/media?parent=2860"}],"wp:term":[{"taxonomy":"product_brand","embeddable":true,"href":"https:\/\/welcome-prints.com\/en\/wp-json\/wp\/v2\/product_brand?post=2860"},{"taxonomy":"product_cat","embeddable":true,"href":"https:\/\/welcome-prints.com\/en\/wp-json\/wp\/v2\/product_cat?post=2860"},{"taxonomy":"product_tag","embeddable":true,"href":"https:\/\/welcome-prints.com\/en\/wp-json\/wp\/v2\/product_tag?post=2860"}],"curies":[{"name":"wp","href":"https:\/\/api.w.org\/{rel}","templated":true}]}}