{"id":2858,"date":"2024-10-31T19:56:44","date_gmt":"2024-10-31T19:56:44","guid":{"rendered":"https:\/\/welcome-prints.com\/produit\/cavaliere\/"},"modified":"2026-04-09T11:38:37","modified_gmt":"2026-04-09T11:38:37","slug":"cavaliere","status":"publish","type":"product","link":"https:\/\/welcome-prints.com\/en\/produit\/cavaliere\/","title":{"rendered":"Cavali\u00e8re"},"content":{"rendered":"<p>num\u00e9rot\u00e9es et sign\u00e9es en 3 exemplaires<br \/>\nImpression sur papier BFK Rives 250 gr<\/p>\n","protected":false},"excerpt":{"rendered":"<p>num\u00e9rot\u00e9es et sign\u00e9es en 3 exemplaires Impression sur papier BFK Rives 250 gr<\/p>\n","protected":false},"featured_media":2857,"template":"","meta":{"_acf_changed":false},"product_brand":[],"product_cat":[226,196,216,211,200,263],"product_tag":[],"class_list":{"0":"post-2858","1":"product","2":"type-product","3":"status-publish","4":"has-post-thumbnail","6":"product_cat-226","7":"product_cat-france","8":"product_cat-grand","9":"product_cat-pointe-seche","10":"product_cat-portrait","11":"product_cat-sarah-battaglia","13":"first","14":"instock","15":"shipping-taxable","16":"purchasable","17":"product-type-simple"},"acf":[],"_links":{"self":[{"href":"https:\/\/welcome-prints.com\/en\/wp-json\/wp\/v2\/product\/2858","targetHints":{"allow":["GET"]}}],"collection":[{"href":"https:\/\/welcome-prints.com\/en\/wp-json\/wp\/v2\/product"}],"about":[{"href":"https:\/\/welcome-prints.com\/en\/wp-json\/wp\/v2\/types\/product"}],"wp:featuredmedia":[{"embeddable":true,"href":"https:\/\/welcome-prints.com\/en\/wp-json\/wp\/v2\/media\/2857"}],"wp:attachment":[{"href":"https:\/\/welcome-prints.com\/en\/wp-json\/wp\/v2\/media?parent=2858"}],"wp:term":[{"taxonomy":"product_brand","embeddable":true,"href":"https:\/\/welcome-prints.com\/en\/wp-json\/wp\/v2\/product_brand?post=2858"},{"taxonomy":"product_cat","embeddable":true,"href":"https:\/\/welcome-prints.com\/en\/wp-json\/wp\/v2\/product_cat?post=2858"},{"taxonomy":"product_tag","embeddable":true,"href":"https:\/\/welcome-prints.com\/en\/wp-json\/wp\/v2\/product_tag?post=2858"}],"curies":[{"name":"wp","href":"https:\/\/api.w.org\/{rel}","templated":true}]}}