{"id":2852,"date":"2024-10-31T19:39:27","date_gmt":"2024-10-31T19:39:27","guid":{"rendered":"https:\/\/welcome-prints.com\/produit\/floue\/"},"modified":"2026-04-09T14:54:32","modified_gmt":"2026-04-09T14:54:32","slug":"floue","status":"publish","type":"product","link":"https:\/\/welcome-prints.com\/en\/produit\/floue\/","title":{"rendered":"Floue"},"content":{"rendered":"<p>num\u00e9rot\u00e9es et sign\u00e9es en 5 exemplaires<br \/>\nImpression sur papier BFK Rives 250gr<\/p>\n","protected":false},"excerpt":{"rendered":"<p>num\u00e9rot\u00e9es et sign\u00e9es en 5 exemplaires Impression sur papier BFK Rives 250gr<\/p>\n","protected":false},"featured_media":2851,"template":"","meta":{"_acf_changed":false},"product_brand":[],"product_cat":[226,206,210,196,215,200,263],"product_tag":[],"class_list":{"0":"post-2852","1":"product","2":"type-product","3":"status-publish","4":"has-post-thumbnail","6":"product_cat-226","7":"product_cat-aquatinte","8":"product_cat-eau-forte","9":"product_cat-france","10":"product_cat-moyen","11":"product_cat-portrait","12":"product_cat-sarah-battaglia","14":"first","15":"instock","16":"shipping-taxable","17":"purchasable","18":"product-type-simple"},"acf":[],"_links":{"self":[{"href":"https:\/\/welcome-prints.com\/en\/wp-json\/wp\/v2\/product\/2852","targetHints":{"allow":["GET"]}}],"collection":[{"href":"https:\/\/welcome-prints.com\/en\/wp-json\/wp\/v2\/product"}],"about":[{"href":"https:\/\/welcome-prints.com\/en\/wp-json\/wp\/v2\/types\/product"}],"wp:featuredmedia":[{"embeddable":true,"href":"https:\/\/welcome-prints.com\/en\/wp-json\/wp\/v2\/media\/2851"}],"wp:attachment":[{"href":"https:\/\/welcome-prints.com\/en\/wp-json\/wp\/v2\/media?parent=2852"}],"wp:term":[{"taxonomy":"product_brand","embeddable":true,"href":"https:\/\/welcome-prints.com\/en\/wp-json\/wp\/v2\/product_brand?post=2852"},{"taxonomy":"product_cat","embeddable":true,"href":"https:\/\/welcome-prints.com\/en\/wp-json\/wp\/v2\/product_cat?post=2852"},{"taxonomy":"product_tag","embeddable":true,"href":"https:\/\/welcome-prints.com\/en\/wp-json\/wp\/v2\/product_tag?post=2852"}],"curies":[{"name":"wp","href":"https:\/\/api.w.org\/{rel}","templated":true}]}}