{"id":2850,"date":"2024-10-31T19:34:36","date_gmt":"2024-10-31T19:34:36","guid":{"rendered":"https:\/\/welcome-prints.com\/produit\/les-oeilleres\/"},"modified":"2026-04-09T21:10:40","modified_gmt":"2026-04-09T21:10:40","slug":"les-oeilleres","status":"publish","type":"product","link":"https:\/\/welcome-prints.com\/en\/produit\/les-oeilleres\/","title":{"rendered":"les Oeill\u00e8res"},"content":{"rendered":"<p>S\u00e9rie num\u00e9rot\u00e9es et sign\u00e9es en 5 exemplaires<br \/>\nImpression sur BFK Rives 250gr<\/p>\n","protected":false},"excerpt":{"rendered":"<p>S\u00e9rie num\u00e9rot\u00e9es et sign\u00e9es en 5 exemplaires Impression sur BFK Rives 250gr<\/p>\n","protected":false},"featured_media":2849,"template":"","meta":{"_acf_changed":false},"product_brand":[],"product_cat":[226,206,210,196,215,200,263],"product_tag":[],"class_list":{"0":"post-2850","1":"product","2":"type-product","3":"status-publish","4":"has-post-thumbnail","6":"product_cat-226","7":"product_cat-aquatinte","8":"product_cat-eau-forte","9":"product_cat-france","10":"product_cat-moyen","11":"product_cat-portrait","12":"product_cat-sarah-battaglia","14":"first","15":"instock","16":"shipping-taxable","17":"purchasable","18":"product-type-simple"},"acf":[],"_links":{"self":[{"href":"https:\/\/welcome-prints.com\/en\/wp-json\/wp\/v2\/product\/2850","targetHints":{"allow":["GET"]}}],"collection":[{"href":"https:\/\/welcome-prints.com\/en\/wp-json\/wp\/v2\/product"}],"about":[{"href":"https:\/\/welcome-prints.com\/en\/wp-json\/wp\/v2\/types\/product"}],"wp:featuredmedia":[{"embeddable":true,"href":"https:\/\/welcome-prints.com\/en\/wp-json\/wp\/v2\/media\/2849"}],"wp:attachment":[{"href":"https:\/\/welcome-prints.com\/en\/wp-json\/wp\/v2\/media?parent=2850"}],"wp:term":[{"taxonomy":"product_brand","embeddable":true,"href":"https:\/\/welcome-prints.com\/en\/wp-json\/wp\/v2\/product_brand?post=2850"},{"taxonomy":"product_cat","embeddable":true,"href":"https:\/\/welcome-prints.com\/en\/wp-json\/wp\/v2\/product_cat?post=2850"},{"taxonomy":"product_tag","embeddable":true,"href":"https:\/\/welcome-prints.com\/en\/wp-json\/wp\/v2\/product_tag?post=2850"}],"curies":[{"name":"wp","href":"https:\/\/api.w.org\/{rel}","templated":true}]}}