{"id":2848,"date":"2024-10-31T19:30:28","date_gmt":"2024-10-31T19:30:28","guid":{"rendered":"https:\/\/welcome-prints.com\/produit\/apparition\/"},"modified":"2026-04-09T18:01:41","modified_gmt":"2026-04-09T18:01:41","slug":"apparition","status":"publish","type":"product","link":"https:\/\/welcome-prints.com\/en\/produit\/apparition\/","title":{"rendered":"apparition"},"content":{"rendered":"<p>pointe s\u00e8che et roulette<br \/>\ns\u00e9rie num\u00e9rot\u00e9es et sign\u00e9es \u00e0 10 exemplaires<br \/>\nImpression sur papier Arches 300gr<\/p>\n","protected":false},"excerpt":{"rendered":"<p>pointe s\u00e8che et roulette s\u00e9rie num\u00e9rot\u00e9es et sign\u00e9es \u00e0 10 exemplaires Impression sur papier Arches 300gr<\/p>\n","protected":false},"featured_media":2847,"template":"","meta":{"_acf_changed":false},"product_brand":[],"product_cat":[226,196,214,211,200,263],"product_tag":[],"class_list":{"0":"post-2848","1":"product","2":"type-product","3":"status-publish","4":"has-post-thumbnail","6":"product_cat-226","7":"product_cat-france","8":"product_cat-petit","9":"product_cat-pointe-seche","10":"product_cat-portrait","11":"product_cat-sarah-battaglia","13":"first","14":"instock","15":"shipping-taxable","16":"purchasable","17":"product-type-simple"},"acf":[],"_links":{"self":[{"href":"https:\/\/welcome-prints.com\/en\/wp-json\/wp\/v2\/product\/2848","targetHints":{"allow":["GET"]}}],"collection":[{"href":"https:\/\/welcome-prints.com\/en\/wp-json\/wp\/v2\/product"}],"about":[{"href":"https:\/\/welcome-prints.com\/en\/wp-json\/wp\/v2\/types\/product"}],"wp:featuredmedia":[{"embeddable":true,"href":"https:\/\/welcome-prints.com\/en\/wp-json\/wp\/v2\/media\/2847"}],"wp:attachment":[{"href":"https:\/\/welcome-prints.com\/en\/wp-json\/wp\/v2\/media?parent=2848"}],"wp:term":[{"taxonomy":"product_brand","embeddable":true,"href":"https:\/\/welcome-prints.com\/en\/wp-json\/wp\/v2\/product_brand?post=2848"},{"taxonomy":"product_cat","embeddable":true,"href":"https:\/\/welcome-prints.com\/en\/wp-json\/wp\/v2\/product_cat?post=2848"},{"taxonomy":"product_tag","embeddable":true,"href":"https:\/\/welcome-prints.com\/en\/wp-json\/wp\/v2\/product_tag?post=2848"}],"curies":[{"name":"wp","href":"https:\/\/api.w.org\/{rel}","templated":true}]}}