{"id":2843,"date":"2024-10-27T16:20:58","date_gmt":"2024-10-27T16:20:58","guid":{"rendered":"https:\/\/welcome-prints.com\/produit\/larbre-en-mutation\/"},"modified":"2026-05-06T16:15:07","modified_gmt":"2026-05-06T16:15:07","slug":"larbre-en-mutation","status":"publish","type":"product","link":"https:\/\/welcome-prints.com\/en\/produit\/larbre-en-mutation\/","title":{"rendered":"L&#8217;arbre en mutation"},"content":{"rendered":"<p>Impression en noir sur papier BFK Rives, tirage \u00e0 20 exemplaires.<br \/>\nAttention, le num\u00e9ro d&#8217;estampe ne correspondra pas forc\u00e9ment sur celui de la photo.<br \/>\nIl existe aussi une s\u00e9rie d\u2019\u00e9preuves d&#8217;artiste avec chine-coll\u00e9 teint\u00e9. Vous pouvez consulter le site de l&#8217;artiste pour d\u00e9couvrir cette autre version.<\/p>\n","protected":false},"excerpt":{"rendered":"<p>Impression en noir sur papier BFK Rives, tirage \u00e0 20 exemplaires. Attention, le num\u00e9ro d&#8217;estampe ne correspondra pas forc\u00e9ment sur celui de la photo. Il existe aussi une s\u00e9rie d\u2019\u00e9preuves d&#8217;artiste avec chine-coll\u00e9 teint\u00e9. Vous pouvez consulter le site de l&#8217;artiste pour d\u00e9couvrir cette autre version.<\/p>\n","protected":false},"featured_media":2842,"template":"","meta":{"_acf_changed":false},"product_brand":[],"product_cat":[212,202,210,196,215],"product_tag":[],"class_list":{"0":"post-2843","1":"product","2":"type-product","3":"status-publish","4":"has-post-thumbnail","6":"product_cat-212","7":"product_cat-carre","8":"product_cat-eau-forte","9":"product_cat-france","10":"product_cat-moyen","12":"first","13":"instock","14":"shipping-taxable","15":"product-type-simple"},"acf":[],"_links":{"self":[{"href":"https:\/\/welcome-prints.com\/en\/wp-json\/wp\/v2\/product\/2843","targetHints":{"allow":["GET"]}}],"collection":[{"href":"https:\/\/welcome-prints.com\/en\/wp-json\/wp\/v2\/product"}],"about":[{"href":"https:\/\/welcome-prints.com\/en\/wp-json\/wp\/v2\/types\/product"}],"wp:featuredmedia":[{"embeddable":true,"href":"https:\/\/welcome-prints.com\/en\/wp-json\/wp\/v2\/media\/2842"}],"wp:attachment":[{"href":"https:\/\/welcome-prints.com\/en\/wp-json\/wp\/v2\/media?parent=2843"}],"wp:term":[{"taxonomy":"product_brand","embeddable":true,"href":"https:\/\/welcome-prints.com\/en\/wp-json\/wp\/v2\/product_brand?post=2843"},{"taxonomy":"product_cat","embeddable":true,"href":"https:\/\/welcome-prints.com\/en\/wp-json\/wp\/v2\/product_cat?post=2843"},{"taxonomy":"product_tag","embeddable":true,"href":"https:\/\/welcome-prints.com\/en\/wp-json\/wp\/v2\/product_tag?post=2843"}],"curies":[{"name":"wp","href":"https:\/\/api.w.org\/{rel}","templated":true}]}}