{"id":2841,"date":"2024-10-27T14:31:26","date_gmt":"2024-10-27T14:31:26","guid":{"rendered":"https:\/\/welcome-prints.com\/produit\/mutations-vii\/"},"modified":"2026-05-06T16:56:21","modified_gmt":"2026-05-06T16:56:21","slug":"mutations-vii","status":"publish","type":"product","link":"https:\/\/welcome-prints.com\/en\/produit\/mutations-vii\/","title":{"rendered":"Mutations VII"},"content":{"rendered":"<p>Impression chine coll\u00e9 Kitakata sur papier BFK Rives<\/p>\n<p>20 exemplaires num\u00e9rot\u00e9s<\/p>\n<p>Les gravures sont des \u0153uvres imprim\u00e9es \u00e0 la main. Les tirages peuvent comporter de subtiles diff\u00e9rences.<\/p>\n","protected":false},"excerpt":{"rendered":"<p>Impression chine coll\u00e9 Kitakata sur papier BFK Rives 20 exemplaires num\u00e9rot\u00e9s Les gravures sont des \u0153uvres imprim\u00e9es \u00e0 la main. Les tirages peuvent comporter de subtiles diff\u00e9rences.<\/p>\n","protected":false},"featured_media":2840,"template":"","meta":{"_acf_changed":false},"product_brand":[],"product_cat":[226,206,202,210,196,215],"product_tag":[],"class_list":{"0":"post-2841","1":"product","2":"type-product","3":"status-publish","4":"has-post-thumbnail","6":"product_cat-226","7":"product_cat-aquatinte","8":"product_cat-carre","9":"product_cat-eau-forte","10":"product_cat-france","11":"product_cat-moyen","13":"first","14":"instock","15":"shipping-taxable","16":"product-type-simple"},"acf":[],"_links":{"self":[{"href":"https:\/\/welcome-prints.com\/en\/wp-json\/wp\/v2\/product\/2841","targetHints":{"allow":["GET"]}}],"collection":[{"href":"https:\/\/welcome-prints.com\/en\/wp-json\/wp\/v2\/product"}],"about":[{"href":"https:\/\/welcome-prints.com\/en\/wp-json\/wp\/v2\/types\/product"}],"wp:featuredmedia":[{"embeddable":true,"href":"https:\/\/welcome-prints.com\/en\/wp-json\/wp\/v2\/media\/2840"}],"wp:attachment":[{"href":"https:\/\/welcome-prints.com\/en\/wp-json\/wp\/v2\/media?parent=2841"}],"wp:term":[{"taxonomy":"product_brand","embeddable":true,"href":"https:\/\/welcome-prints.com\/en\/wp-json\/wp\/v2\/product_brand?post=2841"},{"taxonomy":"product_cat","embeddable":true,"href":"https:\/\/welcome-prints.com\/en\/wp-json\/wp\/v2\/product_cat?post=2841"},{"taxonomy":"product_tag","embeddable":true,"href":"https:\/\/welcome-prints.com\/en\/wp-json\/wp\/v2\/product_tag?post=2841"}],"curies":[{"name":"wp","href":"https:\/\/api.w.org\/{rel}","templated":true}]}}