{"id":2686,"date":"2024-10-18T16:35:35","date_gmt":"2024-10-18T16:35:35","guid":{"rendered":"https:\/\/welcome-prints.com\/produit\/en-equilibre\/"},"modified":"2026-04-10T01:20:14","modified_gmt":"2026-04-10T01:20:14","slug":"en-equilibre","status":"publish","type":"product","link":"https:\/\/welcome-prints.com\/en\/produit\/en-equilibre\/","title":{"rendered":"En \u00e9quilibre"},"content":{"rendered":"<p>Gravure sur bois pour le trait et le rouge fonc\u00e9<br \/>\nS\u00e9rigraphie pour les autres couleurs<br \/>\nS\u00e9rie \u201cDans la nature\u201d<br \/>\n12 exemplaires<\/p>\n","protected":false},"excerpt":{"rendered":"<p>Gravure sur bois pour le trait et le rouge fonc\u00e9 S\u00e9rigraphie pour les autres couleurs S\u00e9rie \u201cDans la nature\u201d 12 exemplaires<\/p>\n","protected":false},"featured_media":2685,"template":"","meta":{"_acf_changed":false},"product_brand":[],"product_cat":[223,245,215,200,205,255,252],"product_tag":[],"class_list":{"0":"post-2686","1":"product","2":"type-product","3":"status-publish","4":"has-post-thumbnail","6":"product_cat-223","7":"product_cat-gravure-sur-bois","8":"product_cat-moyen","9":"product_cat-portrait","10":"product_cat-serigraphie","11":"product_cat-violaine-fayolle","12":"product_cat-xylographie","14":"first","15":"instock","16":"shipping-taxable","17":"purchasable","18":"product-type-simple"},"acf":[],"_links":{"self":[{"href":"https:\/\/welcome-prints.com\/en\/wp-json\/wp\/v2\/product\/2686","targetHints":{"allow":["GET"]}}],"collection":[{"href":"https:\/\/welcome-prints.com\/en\/wp-json\/wp\/v2\/product"}],"about":[{"href":"https:\/\/welcome-prints.com\/en\/wp-json\/wp\/v2\/types\/product"}],"wp:featuredmedia":[{"embeddable":true,"href":"https:\/\/welcome-prints.com\/en\/wp-json\/wp\/v2\/media\/2685"}],"wp:attachment":[{"href":"https:\/\/welcome-prints.com\/en\/wp-json\/wp\/v2\/media?parent=2686"}],"wp:term":[{"taxonomy":"product_brand","embeddable":true,"href":"https:\/\/welcome-prints.com\/en\/wp-json\/wp\/v2\/product_brand?post=2686"},{"taxonomy":"product_cat","embeddable":true,"href":"https:\/\/welcome-prints.com\/en\/wp-json\/wp\/v2\/product_cat?post=2686"},{"taxonomy":"product_tag","embeddable":true,"href":"https:\/\/welcome-prints.com\/en\/wp-json\/wp\/v2\/product_tag?post=2686"}],"curies":[{"name":"wp","href":"https:\/\/api.w.org\/{rel}","templated":true}]}}