{"id":2684,"date":"2024-10-18T16:32:18","date_gmt":"2024-10-18T16:32:18","guid":{"rendered":"https:\/\/welcome-prints.com\/produit\/igor\/"},"modified":"2026-04-09T18:04:04","modified_gmt":"2026-04-09T18:04:04","slug":"igor","status":"publish","type":"product","link":"https:\/\/welcome-prints.com\/en\/produit\/igor\/","title":{"rendered":"Igor"},"content":{"rendered":"<p>Gravure sur bois r\u00e9alis\u00e9e sur contreplaqu\u00e9<br \/>\nS\u00e9rie \u201cLes d\u00e9sail\u00e9s\u201d<br \/>\n7 exemplaires<br \/>\nEncre \u00e0 huile<\/p>\n","protected":false},"excerpt":{"rendered":"<p>Gravure sur bois r\u00e9alis\u00e9e sur contreplaqu\u00e9 S\u00e9rie \u201cLes d\u00e9sail\u00e9s\u201d 7 exemplaires Encre \u00e0 huile<\/p>\n","protected":false},"featured_media":2675,"template":"","meta":{"_acf_changed":false},"product_brand":[],"product_cat":[239,216,245,200,255,252],"product_tag":[],"class_list":{"0":"post-2684","1":"product","2":"type-product","3":"status-publish","4":"has-post-thumbnail","6":"product_cat-239","7":"product_cat-grand","8":"product_cat-gravure-sur-bois","9":"product_cat-portrait","10":"product_cat-violaine-fayolle","11":"product_cat-xylographie","13":"first","14":"instock","15":"shipping-taxable","16":"purchasable","17":"product-type-simple"},"acf":[],"_links":{"self":[{"href":"https:\/\/welcome-prints.com\/en\/wp-json\/wp\/v2\/product\/2684","targetHints":{"allow":["GET"]}}],"collection":[{"href":"https:\/\/welcome-prints.com\/en\/wp-json\/wp\/v2\/product"}],"about":[{"href":"https:\/\/welcome-prints.com\/en\/wp-json\/wp\/v2\/types\/product"}],"wp:featuredmedia":[{"embeddable":true,"href":"https:\/\/welcome-prints.com\/en\/wp-json\/wp\/v2\/media\/2675"}],"wp:attachment":[{"href":"https:\/\/welcome-prints.com\/en\/wp-json\/wp\/v2\/media?parent=2684"}],"wp:term":[{"taxonomy":"product_brand","embeddable":true,"href":"https:\/\/welcome-prints.com\/en\/wp-json\/wp\/v2\/product_brand?post=2684"},{"taxonomy":"product_cat","embeddable":true,"href":"https:\/\/welcome-prints.com\/en\/wp-json\/wp\/v2\/product_cat?post=2684"},{"taxonomy":"product_tag","embeddable":true,"href":"https:\/\/welcome-prints.com\/en\/wp-json\/wp\/v2\/product_tag?post=2684"}],"curies":[{"name":"wp","href":"https:\/\/api.w.org\/{rel}","templated":true}]}}