{"id":2668,"date":"2024-10-18T16:16:28","date_gmt":"2024-10-18T16:16:28","guid":{"rendered":"https:\/\/welcome-prints.com\/produit\/hubert\/"},"modified":"2026-04-09T22:59:44","modified_gmt":"2026-04-09T22:59:44","slug":"hubert","status":"publish","type":"product","link":"https:\/\/welcome-prints.com\/en\/produit\/hubert\/","title":{"rendered":"Hubert"},"content":{"rendered":"<p>Gravure sur bois r\u00e9alis\u00e9e sur contreplaqu\u00e9<br \/>\nS\u00e9rie &#8220;Les d\u00e9sail\u00e9s&#8221;<br \/>\n7 exemplaires<br \/>\nEncre \u00e0 huile<\/p>\n","protected":false},"excerpt":{"rendered":"<p>Gravure sur bois r\u00e9alis\u00e9e sur contreplaqu\u00e9 S\u00e9rie &#8220;Les d\u00e9sail\u00e9s&#8221; 7 exemplaires Encre \u00e0 huile<\/p>\n","protected":false},"featured_media":2661,"template":"","meta":{"_acf_changed":false},"product_brand":[],"product_cat":[238,216,245,200,255,252],"product_tag":[],"class_list":{"0":"post-2668","1":"product","2":"type-product","3":"status-publish","4":"has-post-thumbnail","6":"product_cat-238","7":"product_cat-grand","8":"product_cat-gravure-sur-bois","9":"product_cat-portrait","10":"product_cat-violaine-fayolle","11":"product_cat-xylographie","13":"first","14":"instock","15":"shipping-taxable","16":"purchasable","17":"product-type-simple"},"acf":[],"_links":{"self":[{"href":"https:\/\/welcome-prints.com\/en\/wp-json\/wp\/v2\/product\/2668","targetHints":{"allow":["GET"]}}],"collection":[{"href":"https:\/\/welcome-prints.com\/en\/wp-json\/wp\/v2\/product"}],"about":[{"href":"https:\/\/welcome-prints.com\/en\/wp-json\/wp\/v2\/types\/product"}],"wp:featuredmedia":[{"embeddable":true,"href":"https:\/\/welcome-prints.com\/en\/wp-json\/wp\/v2\/media\/2661"}],"wp:attachment":[{"href":"https:\/\/welcome-prints.com\/en\/wp-json\/wp\/v2\/media?parent=2668"}],"wp:term":[{"taxonomy":"product_brand","embeddable":true,"href":"https:\/\/welcome-prints.com\/en\/wp-json\/wp\/v2\/product_brand?post=2668"},{"taxonomy":"product_cat","embeddable":true,"href":"https:\/\/welcome-prints.com\/en\/wp-json\/wp\/v2\/product_cat?post=2668"},{"taxonomy":"product_tag","embeddable":true,"href":"https:\/\/welcome-prints.com\/en\/wp-json\/wp\/v2\/product_tag?post=2668"}],"curies":[{"name":"wp","href":"https:\/\/api.w.org\/{rel}","templated":true}]}}