{"id":2666,"date":"2024-10-18T16:08:26","date_gmt":"2024-10-18T16:08:26","guid":{"rendered":"https:\/\/welcome-prints.com\/produit\/balthazar\/"},"modified":"2026-04-09T23:01:27","modified_gmt":"2026-04-09T23:01:27","slug":"balthazar","status":"publish","type":"product","link":"https:\/\/welcome-prints.com\/en\/produit\/balthazar\/","title":{"rendered":"Balthazar"},"content":{"rendered":"<p>Gravure sur bois r\u00e9alis\u00e9e sur contreplaqu\u00e9 japonais<br \/>\nEncre \u00e0 huile<br \/>\n7 exemplaires<\/p>\n","protected":false},"excerpt":{"rendered":"<p>Gravure sur bois r\u00e9alis\u00e9e sur contreplaqu\u00e9 japonais Encre \u00e0 huile 7 exemplaires<\/p>\n","protected":false},"featured_media":2658,"template":"","meta":{"_acf_changed":false},"product_brand":[],"product_cat":[224,216,245,200,255,252],"product_tag":[],"class_list":{"0":"post-2666","1":"product","2":"type-product","3":"status-publish","4":"has-post-thumbnail","6":"product_cat-224","7":"product_cat-grand","8":"product_cat-gravure-sur-bois","9":"product_cat-portrait","10":"product_cat-violaine-fayolle","11":"product_cat-xylographie","13":"first","14":"instock","15":"shipping-taxable","16":"purchasable","17":"product-type-simple"},"acf":[],"_links":{"self":[{"href":"https:\/\/welcome-prints.com\/en\/wp-json\/wp\/v2\/product\/2666","targetHints":{"allow":["GET"]}}],"collection":[{"href":"https:\/\/welcome-prints.com\/en\/wp-json\/wp\/v2\/product"}],"about":[{"href":"https:\/\/welcome-prints.com\/en\/wp-json\/wp\/v2\/types\/product"}],"wp:featuredmedia":[{"embeddable":true,"href":"https:\/\/welcome-prints.com\/en\/wp-json\/wp\/v2\/media\/2658"}],"wp:attachment":[{"href":"https:\/\/welcome-prints.com\/en\/wp-json\/wp\/v2\/media?parent=2666"}],"wp:term":[{"taxonomy":"product_brand","embeddable":true,"href":"https:\/\/welcome-prints.com\/en\/wp-json\/wp\/v2\/product_brand?post=2666"},{"taxonomy":"product_cat","embeddable":true,"href":"https:\/\/welcome-prints.com\/en\/wp-json\/wp\/v2\/product_cat?post=2666"},{"taxonomy":"product_tag","embeddable":true,"href":"https:\/\/welcome-prints.com\/en\/wp-json\/wp\/v2\/product_tag?post=2666"}],"curies":[{"name":"wp","href":"https:\/\/api.w.org\/{rel}","templated":true}]}}