{"id":2665,"date":"2024-10-18T16:05:26","date_gmt":"2024-10-18T16:05:26","guid":{"rendered":"https:\/\/welcome-prints.com\/produit\/martha\/"},"modified":"2026-04-09T23:00:51","modified_gmt":"2026-04-09T23:00:51","slug":"martha","status":"publish","type":"product","link":"https:\/\/welcome-prints.com\/en\/produit\/martha\/","title":{"rendered":"Martha"},"content":{"rendered":"<p>Gravure sur bois r\u00e9alis\u00e9e sur contreplaqu\u00e9 japonais<br \/>\nS\u00e9rie &#8220;Les d\u00e9sail\u00e9s&#8221;<br \/>\n7 exemplaires<br \/>\nEncre \u00e0 huile<\/p>\n","protected":false},"excerpt":{"rendered":"<p>Gravure sur bois r\u00e9alis\u00e9e sur contreplaqu\u00e9 japonais S\u00e9rie &#8220;Les d\u00e9sail\u00e9s&#8221; 7 exemplaires Encre \u00e0 huile<\/p>\n","protected":false},"featured_media":2662,"template":"","meta":{"_acf_changed":false},"product_brand":[],"product_cat":[237,196,216,245,200,255,252],"product_tag":[],"class_list":{"0":"post-2665","1":"product","2":"type-product","3":"status-publish","4":"has-post-thumbnail","6":"product_cat-237","7":"product_cat-france","8":"product_cat-grand","9":"product_cat-gravure-sur-bois","10":"product_cat-portrait","11":"product_cat-violaine-fayolle","12":"product_cat-xylographie","14":"first","15":"instock","16":"shipping-taxable","17":"purchasable","18":"product-type-simple"},"acf":[],"_links":{"self":[{"href":"https:\/\/welcome-prints.com\/en\/wp-json\/wp\/v2\/product\/2665","targetHints":{"allow":["GET"]}}],"collection":[{"href":"https:\/\/welcome-prints.com\/en\/wp-json\/wp\/v2\/product"}],"about":[{"href":"https:\/\/welcome-prints.com\/en\/wp-json\/wp\/v2\/types\/product"}],"wp:featuredmedia":[{"embeddable":true,"href":"https:\/\/welcome-prints.com\/en\/wp-json\/wp\/v2\/media\/2662"}],"wp:attachment":[{"href":"https:\/\/welcome-prints.com\/en\/wp-json\/wp\/v2\/media?parent=2665"}],"wp:term":[{"taxonomy":"product_brand","embeddable":true,"href":"https:\/\/welcome-prints.com\/en\/wp-json\/wp\/v2\/product_brand?post=2665"},{"taxonomy":"product_cat","embeddable":true,"href":"https:\/\/welcome-prints.com\/en\/wp-json\/wp\/v2\/product_cat?post=2665"},{"taxonomy":"product_tag","embeddable":true,"href":"https:\/\/welcome-prints.com\/en\/wp-json\/wp\/v2\/product_tag?post=2665"}],"curies":[{"name":"wp","href":"https:\/\/api.w.org\/{rel}","templated":true}]}}