{"id":2622,"date":"2024-10-14T09:21:35","date_gmt":"2024-10-14T09:21:35","guid":{"rendered":"https:\/\/welcome-prints.com\/produit\/petite-reveuse-a-la-grenouille\/"},"modified":"2026-05-06T11:13:43","modified_gmt":"2026-05-06T11:13:43","slug":"petite-reveuse-a-la-grenouille","status":"publish","type":"product","link":"https:\/\/welcome-prints.com\/en\/produit\/petite-reveuse-a-la-grenouille\/","title":{"rendered":"Petite r\u00eaveuse \u00e0 la grenouille"},"content":{"rendered":"<p>Monotype A4 issu de la s\u00e9rie de petits monotypes &#8220;les petites r\u00eaveuses&#8221;.<br \/>\ncette petite \u00e0 la grenouille a \u00e9t\u00e9 imprim\u00e9e en 3 exemplaires sur papier simili japon ivoire.<\/p>\n","protected":false},"excerpt":{"rendered":"<p>Monotype A4 issu de la s\u00e9rie de petits monotypes &#8220;les petites r\u00eaveuses&#8221;. cette petite \u00e0 la grenouille a \u00e9t\u00e9 imprim\u00e9e en 3 exemplaires sur papier simili japon ivoire.<\/p>\n","protected":false},"featured_media":2621,"template":"","meta":{"_acf_changed":false},"product_brand":[],"product_cat":[212,196,233,207,215,200],"product_tag":[],"class_list":{"0":"post-2622","1":"product","2":"type-product","3":"status-publish","4":"has-post-thumbnail","6":"product_cat-212","7":"product_cat-france","8":"product_cat-helene-jofa-artistes","9":"product_cat-monotype","10":"product_cat-moyen","11":"product_cat-portrait","13":"first","14":"instock","15":"shipping-taxable","16":"purchasable","17":"product-type-simple"},"acf":[],"_links":{"self":[{"href":"https:\/\/welcome-prints.com\/en\/wp-json\/wp\/v2\/product\/2622","targetHints":{"allow":["GET"]}}],"collection":[{"href":"https:\/\/welcome-prints.com\/en\/wp-json\/wp\/v2\/product"}],"about":[{"href":"https:\/\/welcome-prints.com\/en\/wp-json\/wp\/v2\/types\/product"}],"wp:featuredmedia":[{"embeddable":true,"href":"https:\/\/welcome-prints.com\/en\/wp-json\/wp\/v2\/media\/2621"}],"wp:attachment":[{"href":"https:\/\/welcome-prints.com\/en\/wp-json\/wp\/v2\/media?parent=2622"}],"wp:term":[{"taxonomy":"product_brand","embeddable":true,"href":"https:\/\/welcome-prints.com\/en\/wp-json\/wp\/v2\/product_brand?post=2622"},{"taxonomy":"product_cat","embeddable":true,"href":"https:\/\/welcome-prints.com\/en\/wp-json\/wp\/v2\/product_cat?post=2622"},{"taxonomy":"product_tag","embeddable":true,"href":"https:\/\/welcome-prints.com\/en\/wp-json\/wp\/v2\/product_tag?post=2622"}],"curies":[{"name":"wp","href":"https:\/\/api.w.org\/{rel}","templated":true}]}}