{"id":2618,"date":"2024-10-14T09:09:17","date_gmt":"2024-10-14T09:09:17","guid":{"rendered":"https:\/\/welcome-prints.com\/produit\/dans-la-lune\/"},"modified":"2026-05-06T10:15:49","modified_gmt":"2026-05-06T10:15:49","slug":"dans-la-lune","status":"publish","type":"product","link":"https:\/\/welcome-prints.com\/en\/produit\/dans-la-lune\/","title":{"rendered":"Dans la lune"},"content":{"rendered":"<p>Linogravure en r\u00e9duction imprim\u00e9e en 3 couleurs (bleu clair, bleu fonc\u00e9, noir) sur papier 250mg.<br \/>\nimprim\u00e9e en 18 exemplaires.<\/p>\n","protected":false},"excerpt":{"rendered":"<p>Linogravure en r\u00e9duction imprim\u00e9e en 3 couleurs (bleu clair, bleu fonc\u00e9, noir) sur papier 250mg. imprim\u00e9e en 18 exemplaires.<\/p>\n","protected":false},"featured_media":2617,"template":"","meta":{"_acf_changed":false},"product_brand":[],"product_cat":[212,202,233,228,215],"product_tag":[],"class_list":{"0":"post-2618","1":"product","2":"type-product","3":"status-publish","4":"has-post-thumbnail","6":"product_cat-212","7":"product_cat-carre","8":"product_cat-helene-jofa-artistes","9":"product_cat-linogravure","10":"product_cat-moyen","12":"first","13":"instock","14":"shipping-taxable","15":"purchasable","16":"product-type-simple"},"acf":[],"_links":{"self":[{"href":"https:\/\/welcome-prints.com\/en\/wp-json\/wp\/v2\/product\/2618","targetHints":{"allow":["GET"]}}],"collection":[{"href":"https:\/\/welcome-prints.com\/en\/wp-json\/wp\/v2\/product"}],"about":[{"href":"https:\/\/welcome-prints.com\/en\/wp-json\/wp\/v2\/types\/product"}],"wp:featuredmedia":[{"embeddable":true,"href":"https:\/\/welcome-prints.com\/en\/wp-json\/wp\/v2\/media\/2617"}],"wp:attachment":[{"href":"https:\/\/welcome-prints.com\/en\/wp-json\/wp\/v2\/media?parent=2618"}],"wp:term":[{"taxonomy":"product_brand","embeddable":true,"href":"https:\/\/welcome-prints.com\/en\/wp-json\/wp\/v2\/product_brand?post=2618"},{"taxonomy":"product_cat","embeddable":true,"href":"https:\/\/welcome-prints.com\/en\/wp-json\/wp\/v2\/product_cat?post=2618"},{"taxonomy":"product_tag","embeddable":true,"href":"https:\/\/welcome-prints.com\/en\/wp-json\/wp\/v2\/product_tag?post=2618"}],"curies":[{"name":"wp","href":"https:\/\/api.w.org\/{rel}","templated":true}]}}