{"id":2568,"date":"2024-10-09T09:53:29","date_gmt":"2024-10-09T09:53:29","guid":{"rendered":"https:\/\/welcome-prints.com\/produit\/zone-humide-1\/"},"modified":"2026-04-07T09:44:24","modified_gmt":"2026-04-07T09:44:24","slug":"zone-humide-1","status":"publish","type":"product","link":"https:\/\/welcome-prints.com\/en\/produit\/zone-humide-1\/","title":{"rendered":"Zone humide 1"},"content":{"rendered":"<p>Lithographie originale, imprim\u00e9e sur du papier BFK rives en 6 exemplaires.<br \/>\nEstampe avec transf\u00e8re photographique sur pierre.<br \/>\n&#8220;Zones humides&#8221; est une collection de 12 carr\u00e9s. Les cr\u00e9ations s&#8217;inspirent des zones sensibles de la for\u00eat tropicale de Guyane,ce sont des univers d&#8217;une beaut\u00e9 luxuriante et fragile. J&#8217;associe mes prises de vue photographiques et mes dessins sur pierres lithographiques pour cr\u00e9er de nouveaux espaces.<\/p>\n","protected":false},"excerpt":{"rendered":"<p>Lithographie originale, imprim\u00e9e sur du papier BFK rives en 6 exemplaires. Estampe avec transf\u00e8re photographique sur pierre. &#8220;Zones humides&#8221; est une collection de 12 carr\u00e9s. Les cr\u00e9ations s&#8217;inspirent des zones sensibles de la for\u00eat tropicale de Guyane,ce sont des univers d&#8217;une beaut\u00e9 luxuriante et fragile. J&#8217;associe mes prises de vue photographiques et mes dessins sur [&hellip;]<\/p>\n","protected":false},"featured_media":2567,"template":"","meta":{"_acf_changed":false},"product_brand":[],"product_cat":[212,191,202,196,204,261,214],"product_tag":[],"class_list":{"0":"post-2568","1":"product","2":"type-product","3":"status-publish","4":"has-post-thumbnail","6":"product_cat-212","7":"product_cat-artistes","8":"product_cat-carre","9":"product_cat-france","10":"product_cat-lithographie","11":"product_cat-martine-de-baecque","12":"product_cat-petit","14":"first","15":"instock","16":"shipping-taxable","17":"purchasable","18":"product-type-simple"},"acf":[],"_links":{"self":[{"href":"https:\/\/welcome-prints.com\/en\/wp-json\/wp\/v2\/product\/2568","targetHints":{"allow":["GET"]}}],"collection":[{"href":"https:\/\/welcome-prints.com\/en\/wp-json\/wp\/v2\/product"}],"about":[{"href":"https:\/\/welcome-prints.com\/en\/wp-json\/wp\/v2\/types\/product"}],"wp:featuredmedia":[{"embeddable":true,"href":"https:\/\/welcome-prints.com\/en\/wp-json\/wp\/v2\/media\/2567"}],"wp:attachment":[{"href":"https:\/\/welcome-prints.com\/en\/wp-json\/wp\/v2\/media?parent=2568"}],"wp:term":[{"taxonomy":"product_brand","embeddable":true,"href":"https:\/\/welcome-prints.com\/en\/wp-json\/wp\/v2\/product_brand?post=2568"},{"taxonomy":"product_cat","embeddable":true,"href":"https:\/\/welcome-prints.com\/en\/wp-json\/wp\/v2\/product_cat?post=2568"},{"taxonomy":"product_tag","embeddable":true,"href":"https:\/\/welcome-prints.com\/en\/wp-json\/wp\/v2\/product_tag?post=2568"}],"curies":[{"name":"wp","href":"https:\/\/api.w.org\/{rel}","templated":true}]}}