{"id":2539,"date":"2024-10-02T13:56:38","date_gmt":"2024-10-02T13:56:38","guid":{"rendered":"https:\/\/welcome-prints.com\/produit\/lidee-fraiche\/"},"modified":"2026-05-06T14:07:07","modified_gmt":"2026-05-06T14:07:07","slug":"lidee-fraiche","status":"publish","type":"product","link":"https:\/\/welcome-prints.com\/en\/produit\/lidee-fraiche\/","title":{"rendered":"L&#8217;id\u00e9e Fra\u00eeche"},"content":{"rendered":"<p>Vernis mou, eau-forte sur cuivre et chine coll\u00e9<br \/>\nOpalJS 250g\/m2<br \/>\n30 exemplaires<br \/>\nN\u00b02\/30<br \/>\nNote : la position de la pi\u00e8ce de puzzle peut varier selon l\u2019exemplaire<\/p>\n","protected":false},"excerpt":{"rendered":"<p>Vernis mou, eau-forte sur cuivre et chine coll\u00e9 OpalJS 250g\/m2 30 exemplaires N\u00b02\/30 Note : la position de la pi\u00e8ce de puzzle peut varier selon l\u2019exemplaire<\/p>\n","protected":false},"featured_media":2536,"template":"","meta":{"_acf_changed":false},"product_brand":[],"product_cat":[223,210,196,260,215,200,259],"product_tag":[],"class_list":{"0":"post-2539","1":"product","2":"type-product","3":"status-publish","4":"has-post-thumbnail","6":"product_cat-223","7":"product_cat-eau-forte","8":"product_cat-france","9":"product_cat-leo-paul","10":"product_cat-moyen","11":"product_cat-portrait","12":"product_cat-vernis-mou","14":"first","15":"instock","16":"shipping-taxable","17":"purchasable","18":"product-type-simple"},"acf":[],"_links":{"self":[{"href":"https:\/\/welcome-prints.com\/en\/wp-json\/wp\/v2\/product\/2539","targetHints":{"allow":["GET"]}}],"collection":[{"href":"https:\/\/welcome-prints.com\/en\/wp-json\/wp\/v2\/product"}],"about":[{"href":"https:\/\/welcome-prints.com\/en\/wp-json\/wp\/v2\/types\/product"}],"wp:featuredmedia":[{"embeddable":true,"href":"https:\/\/welcome-prints.com\/en\/wp-json\/wp\/v2\/media\/2536"}],"wp:attachment":[{"href":"https:\/\/welcome-prints.com\/en\/wp-json\/wp\/v2\/media?parent=2539"}],"wp:term":[{"taxonomy":"product_brand","embeddable":true,"href":"https:\/\/welcome-prints.com\/en\/wp-json\/wp\/v2\/product_brand?post=2539"},{"taxonomy":"product_cat","embeddable":true,"href":"https:\/\/welcome-prints.com\/en\/wp-json\/wp\/v2\/product_cat?post=2539"},{"taxonomy":"product_tag","embeddable":true,"href":"https:\/\/welcome-prints.com\/en\/wp-json\/wp\/v2\/product_tag?post=2539"}],"curies":[{"name":"wp","href":"https:\/\/api.w.org\/{rel}","templated":true}]}}