{"id":2395,"date":"2024-09-23T16:59:18","date_gmt":"2024-09-23T16:59:18","guid":{"rendered":"https:\/\/welcome-prints.com\/produit\/pas-tout-seul\/"},"modified":"2026-04-10T03:21:26","modified_gmt":"2026-04-10T03:21:26","slug":"pas-tout-seul","status":"publish","type":"product","link":"https:\/\/welcome-prints.com\/en\/produit\/pas-tout-seul\/","title":{"rendered":"Pas tout seul"},"content":{"rendered":"<p>Lithographie originale sur papier Fabriano Rosaspina 220g\u00a0<br \/>\n\u00c9dition num\u00e9rot\u00e9e \u00e0 25 exemplaires<br \/>\n20 \u00d7 15 cm<br \/>\nSign\u00e9e et num\u00e9rot\u00e9e au crayon par l&#8217;artiste, tampon sec de l&#8217;atelier<\/p>\n<p>David Vanadia est un artiste, graphiste, illustrateur n\u00e9 et bas\u00e9 \u00e0 Marseille. Son style minimaliste, \u00e9pur\u00e9,  fortement symbolique et po\u00e9tique s&#8217;en ressent. Il nous renvoie de ses propres sensations et sentiments int\u00e9rieurs aux n\u00f4tres. La nature (souvent apaisante dans son travail), les interactions sociales de notre monde moderne, le sentiment humain en g\u00e9n\u00e9ral font parties de ses th\u00e9matiques r\u00e9currentes, trait\u00e9es au travers d&#8217;un style graphique fort.<\/p>\n<p>Il a collabor\u00e9 notamment avec les Editions L&#8217;Initiale, le journal Ventilo, l&#8217;agence anglaise People Of Print ou plus r\u00e9cemment le New-York Times et The New Yorker.<\/p>\n","protected":false},"excerpt":{"rendered":"<p>Lithographie originale sur papier Fabriano Rosaspina 220g\u00a0 \u00c9dition num\u00e9rot\u00e9e \u00e0 25 exemplaires 20 \u00d7 15 cm Sign\u00e9e et num\u00e9rot\u00e9e au crayon par l&#8217;artiste, tampon sec de l&#8217;atelier David Vanadia est un artiste, graphiste, illustrateur n\u00e9 et bas\u00e9 \u00e0 Marseille. Son style minimaliste, \u00e9pur\u00e9, fortement symbolique et po\u00e9tique s&#8217;en ressent. Il nous renvoie de ses propres [&hellip;]<\/p>\n","protected":false},"featured_media":2390,"template":"","meta":{"_acf_changed":false},"product_brand":[],"product_cat":[226,193,191,203,213,196,204,198,195,214,200,197],"product_tag":[],"class_list":{"0":"post-2395","1":"product","2":"type-product","3":"status-publish","4":"has-post-thumbnail","6":"product_cat-226","7":"product_cat-annees","8":"product_cat-artistes","9":"product_cat-david-vanadia","10":"product_cat-format","11":"product_cat-france","12":"product_cat-lithographie","13":"product_cat-orientation","14":"product_cat-pays","15":"product_cat-petit","16":"product_cat-portrait","17":"product_cat-technique","19":"first","20":"instock","21":"shipping-taxable","22":"purchasable","23":"product-type-simple"},"acf":[],"_links":{"self":[{"href":"https:\/\/welcome-prints.com\/en\/wp-json\/wp\/v2\/product\/2395","targetHints":{"allow":["GET"]}}],"collection":[{"href":"https:\/\/welcome-prints.com\/en\/wp-json\/wp\/v2\/product"}],"about":[{"href":"https:\/\/welcome-prints.com\/en\/wp-json\/wp\/v2\/types\/product"}],"wp:featuredmedia":[{"embeddable":true,"href":"https:\/\/welcome-prints.com\/en\/wp-json\/wp\/v2\/media\/2390"}],"wp:attachment":[{"href":"https:\/\/welcome-prints.com\/en\/wp-json\/wp\/v2\/media?parent=2395"}],"wp:term":[{"taxonomy":"product_brand","embeddable":true,"href":"https:\/\/welcome-prints.com\/en\/wp-json\/wp\/v2\/product_brand?post=2395"},{"taxonomy":"product_cat","embeddable":true,"href":"https:\/\/welcome-prints.com\/en\/wp-json\/wp\/v2\/product_cat?post=2395"},{"taxonomy":"product_tag","embeddable":true,"href":"https:\/\/welcome-prints.com\/en\/wp-json\/wp\/v2\/product_tag?post=2395"}],"curies":[{"name":"wp","href":"https:\/\/api.w.org\/{rel}","templated":true}]}}