{"id":2386,"date":"2024-09-23T16:26:13","date_gmt":"2024-09-23T16:26:13","guid":{"rendered":"https:\/\/welcome-prints.com\/produit\/100\/"},"modified":"2026-04-09T15:43:10","modified_gmt":"2026-04-09T15:43:10","slug":"100","status":"publish","type":"product","link":"https:\/\/welcome-prints.com\/en\/produit\/100\/","title":{"rendered":"100"},"content":{"rendered":"<p>S\u00e9rigraphie<br \/>\nEdition Limit\u00e9e \u00e0 30 exemplaires<br \/>\nPapier Fabriano<br \/>\nNum\u00e9rot\u00e9s et sign\u00e9s<br \/>\nVendu sans cadre<\/p>\n","protected":false},"excerpt":{"rendered":"<p>S\u00e9rigraphie Edition Limit\u00e9e \u00e0 30 exemplaires Papier Fabriano Num\u00e9rot\u00e9s et sign\u00e9s Vendu sans cadre<\/p>\n","protected":false},"featured_media":2385,"template":"","meta":{"_acf_changed":false},"product_brand":[],"product_cat":[223,202,196,216,205,257],"product_tag":[],"class_list":{"0":"post-2386","1":"product","2":"type-product","3":"status-publish","4":"has-post-thumbnail","6":"product_cat-223","7":"product_cat-carre","8":"product_cat-france","9":"product_cat-grand","10":"product_cat-serigraphie","11":"product_cat-yannick-martin","13":"first","14":"instock","15":"shipping-taxable","16":"purchasable","17":"product-type-simple"},"acf":[],"_links":{"self":[{"href":"https:\/\/welcome-prints.com\/en\/wp-json\/wp\/v2\/product\/2386","targetHints":{"allow":["GET"]}}],"collection":[{"href":"https:\/\/welcome-prints.com\/en\/wp-json\/wp\/v2\/product"}],"about":[{"href":"https:\/\/welcome-prints.com\/en\/wp-json\/wp\/v2\/types\/product"}],"wp:featuredmedia":[{"embeddable":true,"href":"https:\/\/welcome-prints.com\/en\/wp-json\/wp\/v2\/media\/2385"}],"wp:attachment":[{"href":"https:\/\/welcome-prints.com\/en\/wp-json\/wp\/v2\/media?parent=2386"}],"wp:term":[{"taxonomy":"product_brand","embeddable":true,"href":"https:\/\/welcome-prints.com\/en\/wp-json\/wp\/v2\/product_brand?post=2386"},{"taxonomy":"product_cat","embeddable":true,"href":"https:\/\/welcome-prints.com\/en\/wp-json\/wp\/v2\/product_cat?post=2386"},{"taxonomy":"product_tag","embeddable":true,"href":"https:\/\/welcome-prints.com\/en\/wp-json\/wp\/v2\/product_tag?post=2386"}],"curies":[{"name":"wp","href":"https:\/\/api.w.org\/{rel}","templated":true}]}}