{"id":2370,"date":"2024-09-23T07:44:38","date_gmt":"2024-09-23T07:44:38","guid":{"rendered":"https:\/\/welcome-prints.com\/produit\/la-cabane-et-la-peste\/"},"modified":"2026-04-09T22:43:08","modified_gmt":"2026-04-09T22:43:08","slug":"la-cabane-et-la-peste","status":"publish","type":"product","link":"https:\/\/welcome-prints.com\/en\/produit\/la-cabane-et-la-peste\/","title":{"rendered":"La Cabane et la Peste"},"content":{"rendered":"<p>Xylographie<br \/>\nImprim\u00e9e \u00e0 la main sur papier Fabriano<br \/>\nEdition limit\u00e9e \u00e0 15 exemplaires<\/p>\n","protected":false},"excerpt":{"rendered":"<p>Xylographie Imprim\u00e9e \u00e0 la main sur papier Fabriano Edition limit\u00e9e \u00e0 15 exemplaires<\/p>\n","protected":false},"featured_media":2368,"template":"","meta":{"_acf_changed":false},"product_brand":[],"product_cat":[226,254,215,200],"product_tag":[],"class_list":{"0":"post-2370","1":"product","2":"type-product","3":"status-publish","4":"has-post-thumbnail","6":"product_cat-226","7":"product_cat-marion-semple","8":"product_cat-moyen","9":"product_cat-portrait","11":"first","12":"instock","13":"shipping-taxable","14":"purchasable","15":"product-type-simple"},"acf":[],"_links":{"self":[{"href":"https:\/\/welcome-prints.com\/en\/wp-json\/wp\/v2\/product\/2370","targetHints":{"allow":["GET"]}}],"collection":[{"href":"https:\/\/welcome-prints.com\/en\/wp-json\/wp\/v2\/product"}],"about":[{"href":"https:\/\/welcome-prints.com\/en\/wp-json\/wp\/v2\/types\/product"}],"wp:featuredmedia":[{"embeddable":true,"href":"https:\/\/welcome-prints.com\/en\/wp-json\/wp\/v2\/media\/2368"}],"wp:attachment":[{"href":"https:\/\/welcome-prints.com\/en\/wp-json\/wp\/v2\/media?parent=2370"}],"wp:term":[{"taxonomy":"product_brand","embeddable":true,"href":"https:\/\/welcome-prints.com\/en\/wp-json\/wp\/v2\/product_brand?post=2370"},{"taxonomy":"product_cat","embeddable":true,"href":"https:\/\/welcome-prints.com\/en\/wp-json\/wp\/v2\/product_cat?post=2370"},{"taxonomy":"product_tag","embeddable":true,"href":"https:\/\/welcome-prints.com\/en\/wp-json\/wp\/v2\/product_tag?post=2370"}],"curies":[{"name":"wp","href":"https:\/\/api.w.org\/{rel}","templated":true}]}}