{"id":2367,"date":"2024-09-23T07:38:10","date_gmt":"2024-09-23T07:38:10","guid":{"rendered":"https:\/\/welcome-prints.com\/produit\/re-member\/"},"modified":"2026-04-09T13:35:02","modified_gmt":"2026-04-09T13:35:02","slug":"re-member","status":"publish","type":"product","link":"https:\/\/welcome-prints.com\/en\/produit\/re-member\/","title":{"rendered":"Re member"},"content":{"rendered":"<p>Pointe s\u00e8che sur rh\u00e9nalon<br \/>\nImprim\u00e9e \u00e0 la main sur papier Fabriano blanc<br \/>\nEdition limit\u00e9e \u00e0 30 exemplaires<\/p>\n","protected":false},"excerpt":{"rendered":"<p>Pointe s\u00e8che sur rh\u00e9nalon Imprim\u00e9e \u00e0 la main sur papier Fabriano blanc Edition limit\u00e9e \u00e0 30 exemplaires<\/p>\n","protected":false},"featured_media":2363,"template":"","meta":{"_acf_changed":false},"product_brand":[],"product_cat":[223,254,215,211,200],"product_tag":[],"class_list":{"0":"post-2367","1":"product","2":"type-product","3":"status-publish","4":"has-post-thumbnail","6":"product_cat-223","7":"product_cat-marion-semple","8":"product_cat-moyen","9":"product_cat-pointe-seche","10":"product_cat-portrait","12":"first","13":"instock","14":"shipping-taxable","15":"purchasable","16":"product-type-simple"},"acf":[],"_links":{"self":[{"href":"https:\/\/welcome-prints.com\/en\/wp-json\/wp\/v2\/product\/2367","targetHints":{"allow":["GET"]}}],"collection":[{"href":"https:\/\/welcome-prints.com\/en\/wp-json\/wp\/v2\/product"}],"about":[{"href":"https:\/\/welcome-prints.com\/en\/wp-json\/wp\/v2\/types\/product"}],"wp:featuredmedia":[{"embeddable":true,"href":"https:\/\/welcome-prints.com\/en\/wp-json\/wp\/v2\/media\/2363"}],"wp:attachment":[{"href":"https:\/\/welcome-prints.com\/en\/wp-json\/wp\/v2\/media?parent=2367"}],"wp:term":[{"taxonomy":"product_brand","embeddable":true,"href":"https:\/\/welcome-prints.com\/en\/wp-json\/wp\/v2\/product_brand?post=2367"},{"taxonomy":"product_cat","embeddable":true,"href":"https:\/\/welcome-prints.com\/en\/wp-json\/wp\/v2\/product_cat?post=2367"},{"taxonomy":"product_tag","embeddable":true,"href":"https:\/\/welcome-prints.com\/en\/wp-json\/wp\/v2\/product_tag?post=2367"}],"curies":[{"name":"wp","href":"https:\/\/api.w.org\/{rel}","templated":true}]}}