{"id":2327,"date":"2024-09-18T14:11:29","date_gmt":"2024-09-18T14:11:29","guid":{"rendered":"https:\/\/welcome-prints.com\/produit\/aller-retour-dans-la-journee\/"},"modified":"2026-04-09T11:31:48","modified_gmt":"2026-04-09T11:31:48","slug":"aller-retour-dans-la-journee","status":"publish","type":"product","link":"https:\/\/welcome-prints.com\/en\/produit\/aller-retour-dans-la-journee\/","title":{"rendered":"Aller retour dans la journ\u00e9e"},"content":{"rendered":"<p>Linogravure \u00e0 la roulette<br \/>\nImprim\u00e9e \u00e0 la main<br \/>\nNum\u00e9rot\u00e9e et sign\u00e9e<br \/>\nTirage: 20 exemplaires<\/p>\n","protected":false},"excerpt":{"rendered":"<p>Linogravure \u00e0 la roulette Imprim\u00e9e \u00e0 la main Num\u00e9rot\u00e9e et sign\u00e9e Tirage: 20 exemplaires<\/p>\n","protected":false},"featured_media":2326,"template":"","meta":{"_acf_changed":false},"product_brand":[],"product_cat":[226,196,229,228,215,200],"product_tag":[],"class_list":{"0":"post-2327","1":"product","2":"type-product","3":"status-publish","4":"has-post-thumbnail","6":"product_cat-226","7":"product_cat-france","8":"product_cat-jorge-costa-bravo","9":"product_cat-linogravure","10":"product_cat-moyen","11":"product_cat-portrait","13":"first","14":"instock","15":"shipping-taxable","16":"purchasable","17":"product-type-simple"},"acf":[],"_links":{"self":[{"href":"https:\/\/welcome-prints.com\/en\/wp-json\/wp\/v2\/product\/2327","targetHints":{"allow":["GET"]}}],"collection":[{"href":"https:\/\/welcome-prints.com\/en\/wp-json\/wp\/v2\/product"}],"about":[{"href":"https:\/\/welcome-prints.com\/en\/wp-json\/wp\/v2\/types\/product"}],"wp:featuredmedia":[{"embeddable":true,"href":"https:\/\/welcome-prints.com\/en\/wp-json\/wp\/v2\/media\/2326"}],"wp:attachment":[{"href":"https:\/\/welcome-prints.com\/en\/wp-json\/wp\/v2\/media?parent=2327"}],"wp:term":[{"taxonomy":"product_brand","embeddable":true,"href":"https:\/\/welcome-prints.com\/en\/wp-json\/wp\/v2\/product_brand?post=2327"},{"taxonomy":"product_cat","embeddable":true,"href":"https:\/\/welcome-prints.com\/en\/wp-json\/wp\/v2\/product_cat?post=2327"},{"taxonomy":"product_tag","embeddable":true,"href":"https:\/\/welcome-prints.com\/en\/wp-json\/wp\/v2\/product_tag?post=2327"}],"curies":[{"name":"wp","href":"https:\/\/api.w.org\/{rel}","templated":true}]}}