{"id":2323,"date":"2024-09-17T16:04:28","date_gmt":"2024-09-17T16:04:28","guid":{"rendered":"https:\/\/welcome-prints.com\/produit\/burano-2\/"},"modified":"2026-04-09T18:34:25","modified_gmt":"2026-04-09T18:34:25","slug":"burano-2","status":"publish","type":"product","link":"https:\/\/welcome-prints.com\/en\/produit\/burano-2\/","title":{"rendered":"Burano 2"},"content":{"rendered":"<p>Gravure sur Tetrapak imprim\u00e9es \u00e0 l\u2019encre Charbonnel sur papier Hahnem\u00fchle .<br \/>\nNum\u00e9rot\u00e9e \/15 et sign\u00e9e accompagn\u00e9e d\u2019un certificat d\u2019authenticit\u00e9.<\/p>\n","protected":false},"excerpt":{"rendered":"<p>Gravure sur Tetrapak imprim\u00e9es \u00e0 l\u2019encre Charbonnel sur papier Hahnem\u00fchle . Num\u00e9rot\u00e9e \/15 et sign\u00e9e accompagn\u00e9e d\u2019un certificat d\u2019authenticit\u00e9.<\/p>\n","protected":false},"featured_media":2322,"template":"","meta":{"_acf_changed":false},"product_brand":[],"product_cat":[212,244,215,211,200],"product_tag":[],"class_list":{"0":"post-2323","1":"product","2":"type-product","3":"status-publish","4":"has-post-thumbnail","6":"product_cat-212","7":"product_cat-florence-tedeschi","8":"product_cat-moyen","9":"product_cat-pointe-seche","10":"product_cat-portrait","12":"first","13":"instock","14":"shipping-taxable","15":"purchasable","16":"product-type-simple"},"acf":[],"_links":{"self":[{"href":"https:\/\/welcome-prints.com\/en\/wp-json\/wp\/v2\/product\/2323","targetHints":{"allow":["GET"]}}],"collection":[{"href":"https:\/\/welcome-prints.com\/en\/wp-json\/wp\/v2\/product"}],"about":[{"href":"https:\/\/welcome-prints.com\/en\/wp-json\/wp\/v2\/types\/product"}],"wp:featuredmedia":[{"embeddable":true,"href":"https:\/\/welcome-prints.com\/en\/wp-json\/wp\/v2\/media\/2322"}],"wp:attachment":[{"href":"https:\/\/welcome-prints.com\/en\/wp-json\/wp\/v2\/media?parent=2323"}],"wp:term":[{"taxonomy":"product_brand","embeddable":true,"href":"https:\/\/welcome-prints.com\/en\/wp-json\/wp\/v2\/product_brand?post=2323"},{"taxonomy":"product_cat","embeddable":true,"href":"https:\/\/welcome-prints.com\/en\/wp-json\/wp\/v2\/product_cat?post=2323"},{"taxonomy":"product_tag","embeddable":true,"href":"https:\/\/welcome-prints.com\/en\/wp-json\/wp\/v2\/product_tag?post=2323"}],"curies":[{"name":"wp","href":"https:\/\/api.w.org\/{rel}","templated":true}]}}